{"id":992,"date":"2021-08-09T18:42:00","date_gmt":"2021-08-09T17:42:00","guid":{"rendered":"http:\/\/yoga-alegria.fr\/?page_id=992"},"modified":"2023-08-29T14:53:32","modified_gmt":"2023-08-29T13:53:32","slug":"association-awen-yoga","status":"publish","type":"page","link":"https:\/\/yoga-alegria.fr\/index.php\/association-awen-yoga\/","title":{"rendered":"Association Awen-Yoga \u00e0 Saint-Gondran"},"content":{"rendered":"<p style=\"text-align: justify;\"><i><u><span style=\"font-size: medium;\"><b>Jours et horaires des cours<\/b><\/span><\/u><\/i><\/p>\n<p style=\"text-align: justify;\" align=\"left\"><b>En salle\u00a0:<\/b><\/p>\n<p align=\"left\">Lundi : 17 h 15 &#8211; 18 h 30 \/ 18 h 45 &#8211; 20 h<br \/>\nMardi : 6 h 30 &#8211; 7 h 30 \/ 9 h &#8211; 10 h 15<br \/>\nJeudi : 6 h 30 \/ 7 h 30<\/p>\n<p style=\"text-align: justify;\" align=\"left\"><b>En visio<\/b>\u00a0:<\/p>\n<ul style=\"text-align: justify;\">\n<li>\n<p align=\"left\">Lundi \u00e0 9h00 (cours)<\/p>\n<\/li>\n<li><span style=\"font-size: medium;\">Jeudi \u00e0 6h30 (Sadhana)<\/span><\/li>\n<\/ul>\n<p style=\"text-align: justify;\">Les tarifs\u00a0sont les m\u00eames que ceux de l\u2019association Microcosme.<\/p>\n<p>La rentr\u00e9e 2023 se fera cette ann\u00e9e,<em><strong> lundi 18 Septembre.<\/strong><\/em> Vous serez accueilli(e)s chaleureusement et avec enthousiasme.<\/p>\n<p style=\"text-align: justify;\" align=\"left\"><span style=\"font-size: medium;\">\u00a0<\/span><\/p>\n<p style=\"text-align: justify;\"><i><u><span style=\"font-size: medium;\"><b>Le professeur<\/b><\/span>\u00a0:\u00a0<span style=\"font-size: medium;\"><b>Marie France NICOT\u00a0<\/b><\/span><\/u><\/i><span style=\"font-size: medium;\">\u00a0 <img decoding=\"async\" loading=\"lazy\" class=\"alignright size-medium wp-image-1000\" src=\"http:\/\/yoga-alegria.fr\/wp-content\/uploads\/2021\/08\/MF-NICOT-225x300.png\" alt=\"\" width=\"225\" height=\"300\" srcset=\"https:\/\/yoga-alegria.fr\/wp-content\/uploads\/2021\/08\/MF-NICOT-225x300.png 225w, https:\/\/yoga-alegria.fr\/wp-content\/uploads\/2021\/08\/MF-NICOT.png 599w\" sizes=\"(max-width: 225px) 100vw, 225px\" \/><\/span><i><u><span style=\"font-size: medium;\"><b><br \/>\n<\/b><\/span><\/u><\/i><\/p>\n<p style=\"text-align: justify;\" align=\"justify\">\u00ab\u00a0J\u2019ai d\u00e9couvert le Kundalini-Yoga \u00e0 la Chapelle-Chauss\u00e9e, avec Jean Vicq et Claudie Daniel en 2006. Ce Yoga que je pratique quotidiennement d\u00e9veloppe ma vitalit\u00e9 et ma joie de vivre.<\/p>\n<p style=\"text-align: justify;\" align=\"justify\">Forte de cette exp\u00e9rience, j\u2019ai suivi le chemin de mes professeurs et d\u00e9marr\u00e9 la formation de professeur de KY en 2012 \u00e0 l\u2019\u00e9cole du Tantra \u00e0 Juillac. J\u2019ai commenc\u00e9 \u00e0 donner mes premiers cours en 2015 dans la salle polyvalente de St-Gondran, tout en continuant mes formations d\u2019enseignante, puis de th\u00e9rapeute.<\/p>\n<p style=\"text-align: justify;\" align=\"justify\">Je participe avec bonheur \u00e0 l\u2019animation de certains stages organis\u00e9s par Claudie et Jean \u00e0 la Chapelle-Chauss\u00e9e.<\/p>\n<p style=\"text-align: justify;\">Je pr\u00e9vois aussi organiser des demi-journ\u00e9es et journ\u00e9es de yoga et m\u00e9ditation \u00e0 partir de janvier 2022 \u00e0 St-Gondran.<\/p>\n<p style=\"text-align: justify;\" align=\"justify\">J\u2019envisage \u00e9galement cr\u00e9er un atelier peinture avec les enfants et des plus grands, pour le plaisir de peindre. Je suis actuellement en formation en m\u00e9diation artistique par la gestalt-th\u00e9rapie, avec Clara Couderc au sein de l&rsquo;Association Puls&rsquo;Cr\u00e9ativ.<\/p>\n<p style=\"text-align: justify;\"><span style=\"font-size: medium;\"><b>Mon lieu de pratique<\/b><\/span><\/p>\n<p style=\"text-align: justify;\" align=\"left\">J\u2019ai am\u00e9nag\u00e9 une salle \u00e0 cot\u00e9 de mon domicile. Le cadre est confortable, chaleureux et paisible.<\/p>\n<p style=\"text-align: justify;\" align=\"justify\">Vous la trouvez facilement au lieu-dit : 2 Le Fougeray (35630 St-Gondran). Il y a un petit parking juste \u00e0 c\u00f4t\u00e9. C\u2019est \u00e0 1 km du bourg sur la route des Villandes.\u00a0\u00bb<\/p>\n<p style=\"text-align: justify;\"><i><u><b>Contact\u00a0:<\/b><\/u><\/i><\/p>\n<p style=\"text-align: justify;\" align=\"left\">Marie-France Nicot (06 82 26 44 48) et mon site:\u00a0 awen-yoga.fr<\/p>\n<p style=\"text-align: justify;\" align=\"left\">Mail\u00a0:\u00a0<a href=\"mailto:marijean.nicot@hotmail.fr\" target=\"_blank\" rel=\"noopener noreferrer\">marijean.nicot@hotmail.fr<\/a><\/p>\n<p style=\"text-align: justify;\" align=\"left\">Adresse : 2 Le Fougeray, 35630 ST-GONDRAN<\/p>\n","protected":false},"excerpt":{"rendered":"<p>Jours et horaires des cours En salle\u00a0: Lundi : 17 h 15 &#8211; 18 h 30 \/ 18 h 45 &#8211; 20 h Mardi : 6 h 30 &#8211; 7 h 30 \/ 9 h &#8211; 10 h 15 Jeudi : 6 h 30 \/ 7 h 30 En visio\u00a0: Lundi \u00e0 9h00 (cours) Jeudi [&hellip;]<\/p>\n","protected":false},"author":1,"featured_media":0,"parent":0,"menu_order":0,"comment_status":"closed","ping_status":"closed","template":"","meta":[],"_links":{"self":[{"href":"https:\/\/yoga-alegria.fr\/index.php\/wp-json\/wp\/v2\/pages\/992"}],"collection":[{"href":"https:\/\/yoga-alegria.fr\/index.php\/wp-json\/wp\/v2\/pages"}],"about":[{"href":"https:\/\/yoga-alegria.fr\/index.php\/wp-json\/wp\/v2\/types\/page"}],"author":[{"embeddable":true,"href":"https:\/\/yoga-alegria.fr\/index.php\/wp-json\/wp\/v2\/users\/1"}],"replies":[{"embeddable":true,"href":"https:\/\/yoga-alegria.fr\/index.php\/wp-json\/wp\/v2\/comments?post=992"}],"version-history":[{"count":9,"href":"https:\/\/yoga-alegria.fr\/index.php\/wp-json\/wp\/v2\/pages\/992\/revisions"}],"predecessor-version":[{"id":1167,"href":"https:\/\/yoga-alegria.fr\/index.php\/wp-json\/wp\/v2\/pages\/992\/revisions\/1167"}],"wp:attachment":[{"href":"https:\/\/yoga-alegria.fr\/index.php\/wp-json\/wp\/v2\/media?parent=992"}],"curies":[{"name":"wp","href":"https:\/\/api.w.org\/{rel}","templated":true}]}}