{"id":90,"date":"2015-12-28T09:27:31","date_gmt":"2015-12-28T09:27:31","guid":{"rendered":"http:\/\/yoga-alegria.fr\/?page_id=90"},"modified":"2016-03-29T13:15:04","modified_gmt":"2016-03-29T12:15:04","slug":"principes","status":"publish","type":"page","link":"https:\/\/yoga-alegria.fr\/index.php\/le-tantra\/principes\/","title":{"rendered":"Principes"},"content":{"rendered":"<ul>\n<li style=\"text-align: justify;\"><span style=\"color: #000000;\"><span style=\"font-family: Tahoma, sans-serif;\"><span style=\"font-size: small;\"><u>Le premier principe :<\/u><\/span><\/span><\/span><\/li>\n<\/ul>\n<p><span style=\"color: #000000;\"><span style=\"font-family: Tahoma, sans-serif;\"><span style=\"font-size: small;\">Tout ce qui est manifest\u00e9 dans l&rsquo;univers est Energie-Conscience. La conscience Universelle se manifeste comme \u00e9nergie, dans tout ce qui Est.<br \/>\n<\/span><\/span><\/span><\/p>\n<ul style=\"text-align: justify;\">\n<li><span style=\"color: #000000;\"><span style=\"font-family: Tahoma, sans-serif;\"><span style=\"font-size: small;\"><u>Le second principe :<\/u>\u00a0<\/span><\/span><\/span><\/li>\n<\/ul>\n<p><span style=\"color: #000000;\"><span style=\"font-family: Tahoma, sans-serif;\"><span style=\"font-size: small;\">Cette \u00e9nergie est, comme la conscience universelle qui l&rsquo;a produite, <b>Une<\/b>. En cons\u00e9quence, la cr\u00e9ation est un r\u00e9seau unifi\u00e9 d&rsquo;\u00e9nergie, une vaste trame<br \/>\no\u00f9 tout est reli\u00e9, tout est <b>Uni<\/b>.<br \/>\n<\/span><\/span><\/span><\/p>\n<p style=\"text-align: justify;\" align=\"JUSTIFY\"><span style=\"color: #000000;\"><span style=\"font-family: Tahoma, sans-serif;\"><span style=\"font-size: small;\">La cr\u00e9ation est Une : il n&rsquo;existe pas de s\u00e9paration entre le monde min\u00e9ral, v\u00e9g\u00e9tal, animal et le monde humain. Ils sont interd\u00e9pendants et leur sur<img decoding=\"async\" loading=\"lazy\" class=\"wp-image-460 alignright\" src=\"http:\/\/yoga-alegria.fr\/wp-content\/uploads\/2015\/12\/PA280650-1024x768.jpg\" alt=\"\" width=\"314\" height=\"235\" srcset=\"https:\/\/yoga-alegria.fr\/wp-content\/uploads\/2015\/12\/PA280650-1024x768.jpg 1024w, https:\/\/yoga-alegria.fr\/wp-content\/uploads\/2015\/12\/PA280650-300x225.jpg 300w, https:\/\/yoga-alegria.fr\/wp-content\/uploads\/2015\/12\/PA280650-768x576.jpg 768w, https:\/\/yoga-alegria.fr\/wp-content\/uploads\/2015\/12\/PA280650-135x100.jpg 135w\" sizes=\"(max-width: 314px) 100vw, 314px\" \/>vie commune d\u00e9pend du respect de leur rapports harmonieux o\u00f9 nul n&rsquo;assume le r\u00f4le de pr\u00e9dateur, nul ne s&rsquo;arroge de droit d&rsquo;alt\u00e9rer l&rsquo;\u00e9quilibre de la nature.\u00a0<\/span><\/span><\/span><span style=\"color: #000000;\"><span style=\"font-family: Tahoma, sans-serif;\"><span style=\"font-size: small;\">A l&rsquo;image du macrocosme qui est <b>Un<\/b>, <b>l&rsquo;Homme<\/b> est <b>Un<\/b>. En lui l&rsquo;\u00e9nergie est <b>Une<\/b>, tout est li\u00e9, interconnect\u00e9. Les trois dimensions de l&rsquo;Etre, physique, physiologique et spirituelle sont reli\u00e9es par tout un subtil syst\u00e8me de circulation de l&rsquo;\u00e9nergie dans les diff\u00e9rents corps, qui en l&rsquo;homme manifestent ces diff\u00e9rentes dimensions. Les Tantras disent qu&rsquo;en bas de l&rsquo;\u00e9chelle de l&rsquo;\u00e9volution, la mati\u00e8re est totalement conditionn\u00e9e ; cela veut dire qu&rsquo;elle ob\u00e9it \u00e0 des lois m\u00e9caniques que notre raison logique peut ais\u00e9ment saisir (d&rsquo;o\u00f9 le d\u00e9veloppement de la science). Par contre, en haut de l&rsquo;\u00e9chelle la conscience pure est totalement inconditionn\u00e9e, elle est libre, son existence n&rsquo;est pas soumise aux lois m\u00e9caniques de la causalit\u00e9. Plus un \u00eatre humain est conscient, plus il est libre. Libert\u00e9 et conscience sont synonymes.<\/span><\/span><\/span><\/p>\n<ul>\n<li style=\"text-align: justify;\"><span style=\"color: #000000;\"><span style=\"font-family: Tahoma, sans-serif;\"><span style=\"font-size: small;\"><u>Troisi\u00e8me princip<\/u><span style=\"text-decoration: underline;\">e\u00a0:<\/span>\u00a0<\/span><\/span><\/span><\/li>\n<\/ul>\n<p style=\"text-align: justify;\"><span style=\"color: #000000;\"><span style=\"font-family: Tahoma, sans-serif;\"><span style=\"font-size: small;\">Il n&rsquo;existe pas une sagesse occidentale et une autre orientale, une v\u00e9rit\u00e9 scientifique qui s&rsquo;opposerait \u00e0 une v\u00e9rit\u00e9 d&rsquo;hier. Dans <b>l&rsquo;essentiel<\/b>, ce qui est vrai il y a 10 000 ans l&rsquo;est encore<img decoding=\"async\" loading=\"lazy\" class=\"wp-image-462 alignright\" src=\"http:\/\/yoga-alegria.fr\/wp-content\/uploads\/2015\/12\/PA120069-768x1024.jpg\" alt=\"\" width=\"210\" height=\"280\" srcset=\"https:\/\/yoga-alegria.fr\/wp-content\/uploads\/2015\/12\/PA120069-768x1024.jpg 768w, https:\/\/yoga-alegria.fr\/wp-content\/uploads\/2015\/12\/PA120069-225x300.jpg 225w\" sizes=\"(max-width: 210px) 100vw, 210px\" \/> aujourd&rsquo;hui. La v\u00e9rit\u00e9 dont parlent les sages de partout et de toujours est la m\u00eame. Cette v\u00e9rit\u00e9 repose dans le coeur de chaque \u00eatre humain. Tout homme a en lui les possibilit\u00e9s de r\u00e9aliser cette v\u00e9rit\u00e9 de la vivre. Ceux qui l&rsquo;ont trouv\u00e9e et qui l&rsquo;exp\u00e9rimentent la nomment <b>Amour<\/b>. <\/span><\/span><\/span><\/p>\n<p style=\"text-align: justify;\"><span style=\"color: #000000;\"><span style=\"font-family: Tahoma, sans-serif;\"><span style=\"font-size: small;\">Plus l&rsquo;homme est loin de la conscience de cette v\u00e9rit\u00e9, plus il est ignorant au regard des Tantras. L&rsquo;ego, c&rsquo;est-\u00e0-dire la v\u00e9rit\u00e9 individuelle, partielle, est le voile opaque qui masque \u00e0 chacun la v\u00e9rit\u00e9 universelle porteuse de joie, d&rsquo;amour, et de libert\u00e9. Un principe fondamental du Tantra est que <b>la connaissance est acquise dans l&rsquo;exp\u00e9rience<\/b>. <\/span><\/span><\/span><\/p>\n<p style=\"text-align: justify;\"><span style=\"color: #000000;\"><span style=\"font-family: Tahoma, sans-serif;\"><span style=\"font-size: small;\">Conna\u00eetre la chaleur c&rsquo;est se chauffer au feu, conna\u00eetre l&rsquo;amour c&rsquo;est vivre l&rsquo;amour, conna\u00eetre Dieu c&rsquo;est vivre Dieu. La r\u00e9alit\u00e9 est un champ d&rsquo;exp\u00e9rience et conna\u00eetre ce qui est, c&rsquo;est vivre consciemment l&rsquo;interaction constante de l&rsquo;\u00eatre int\u00e9rieur avec le monde ext\u00e9rieur.<\/span><\/span><\/span><\/p>\n","protected":false},"excerpt":{"rendered":"<p>Le premier principe : Tout ce qui est manifest\u00e9 dans l&rsquo;univers est Energie-Conscience. La conscience Universelle se manifeste comme \u00e9nergie, dans tout ce qui Est. Le second principe :\u00a0 Cette \u00e9nergie est, comme la conscience universelle qui l&rsquo;a produite, Une. En cons\u00e9quence, la cr\u00e9ation est un r\u00e9seau unifi\u00e9 d&rsquo;\u00e9nergie, une vaste trame o\u00f9 tout est [&hellip;]<\/p>\n","protected":false},"author":1,"featured_media":0,"parent":11,"menu_order":0,"comment_status":"closed","ping_status":"closed","template":"","meta":[],"_links":{"self":[{"href":"https:\/\/yoga-alegria.fr\/index.php\/wp-json\/wp\/v2\/pages\/90"}],"collection":[{"href":"https:\/\/yoga-alegria.fr\/index.php\/wp-json\/wp\/v2\/pages"}],"about":[{"href":"https:\/\/yoga-alegria.fr\/index.php\/wp-json\/wp\/v2\/types\/page"}],"author":[{"embeddable":true,"href":"https:\/\/yoga-alegria.fr\/index.php\/wp-json\/wp\/v2\/users\/1"}],"replies":[{"embeddable":true,"href":"https:\/\/yoga-alegria.fr\/index.php\/wp-json\/wp\/v2\/comments?post=90"}],"version-history":[{"count":14,"href":"https:\/\/yoga-alegria.fr\/index.php\/wp-json\/wp\/v2\/pages\/90\/revisions"}],"predecessor-version":[{"id":553,"href":"https:\/\/yoga-alegria.fr\/index.php\/wp-json\/wp\/v2\/pages\/90\/revisions\/553"}],"up":[{"embeddable":true,"href":"https:\/\/yoga-alegria.fr\/index.php\/wp-json\/wp\/v2\/pages\/11"}],"wp:attachment":[{"href":"https:\/\/yoga-alegria.fr\/index.php\/wp-json\/wp\/v2\/media?parent=90"}],"curies":[{"name":"wp","href":"https:\/\/api.w.org\/{rel}","templated":true}]}}