{"id":860,"date":"2020-06-10T19:32:53","date_gmt":"2020-06-10T18:32:53","guid":{"rendered":"http:\/\/yoga-alegria.fr\/?page_id=860"},"modified":"2025-12-25T11:53:29","modified_gmt":"2025-12-25T10:53:29","slug":"actu-3","status":"publish","type":"page","link":"https:\/\/yoga-alegria.fr\/index.php\/actu-3\/","title":{"rendered":"Stages et activit\u00e9s de WE  2025\/26"},"content":{"rendered":"\n<p><\/p>\n\n\n\n<p><strong>  <\/strong><\/p>\n\n\n\n<p><\/p>\n\n\n\n<p><strong><em>POUR LA RENTREE  2025\/2026,  et l&rsquo;ann\u00e9e \u00e0 venir, voici les dates et les activit\u00e9s:<\/em><\/strong><\/p>\n\n\n\n<p><\/p>\n\n\n\n<ul>\n<li><\/li>\n\n\n\n<li> <strong><em>Les 14, 15 et 16 F\u00e9vrier 2026<\/em><\/strong> <strong>\u00e0 la Chapelle Chauss\u00e9e, <\/strong><em><strong>stage de Kundalini Yoga sur le th\u00e8me de \u00ab&nbsp;La m\u00e9ditation&nbsp;\u00bb<\/strong><\/em> .&nbsp; Voir onglet \u00ab&nbsp;Stages de Kundalini Yoga&nbsp;\u00bb . <strong>Le stage d\u00e9bute la veille, le&nbsp; Vendredi 13 \u00e0 18H. Il se termine le <\/strong>Lundi 16 F\u00e9vrier<strong> vers 18H. Le tarif tout inclus est de 330\u20ac<\/strong><em>. Vous \u00eates totalement pris en charge au niveau h\u00e9bergement et restauration.<\/em><\/li>\n\n\n\n<li><strong> <em>Le Dimanche 29 Mars 2026<\/em>, \u00e0 la Chapelle Chauss\u00e9e, respiration holotropique,<\/strong> enrichie de pratiques de Kundalini Yoga, sadhana et tour de cercle de parole. RV le Samedi 28 Mars 18h et nous finirons le Dimanche 29 Mars vers 18h. <strong>Tarif : 110\u20ac.<\/strong><\/li>\n\n\n\n<li><strong><em>Les 8, 9, et 10 Mai 2026<\/em> \u00e0 la Chapelle Chauss\u00e9e, Tantra Rencontre.<\/strong> Le stage d\u00e9bute la veille, le Jeudi 7 \u00e0 18H. Il se termine le Dimanche 10 vers 18H.<strong> Le tarif tout inclus est de 330\u20ac<\/strong>. Voir onglet: Stages\/ Tantra Rencontre et<strong> onglet: STAGES \/ programme et tarifs<\/strong>.<\/li>\n\n\n\n<li><strong><em>Le 13 Juin 2026<\/em>, \u00e0 la Chapelle Chauss\u00e9e, Inipi, hutte \u00e0 sudation <\/strong>dans la tradition Sioux Lakota.  Vous arrivez Samedi \u00e0 15H, vous repartirez le dimanche 14 Juin vers 10H apr\u00e8s la sadhana matinale et le petit d\u00e9jeuner  (inclus).  Voir onglet \u00ab\u00a0Stages\/Inipi\u00a0\u00bb . <strong>Tarif 70\u20ac, vous amenez votre diner du soir \u00e0 partager.<\/strong><\/li>\n\n\n\n<li><strong>Les 12, 13, 14, et 15 Juillet 2026 \u00e0 la Chapelle Chauss\u00e9e<\/strong>, Stage de Kundalini Yoga sur le th\u00e8me des 4 \u00e9l\u00e9ments.  Le stage d\u00e9bute le Dimanche 12 juillet \u00e0 9H, et se termine le 15,  vers 18H; Voir onglet \u00ab\u00a0Stages de Kundalini Yoga\u00a0\u00bb. Vous \u00eates pris en charge compl\u00e8tement, h\u00e9bergement et restauration inclus,<strong> le Tarif est de 440\u20ac<\/strong><\/li>\n<\/ul>\n","protected":false},"excerpt":{"rendered":"<p>POUR LA RENTREE 2025\/2026, et l&rsquo;ann\u00e9e \u00e0 venir, voici les dates et les activit\u00e9s:<\/p>\n","protected":false},"author":1,"featured_media":0,"parent":0,"menu_order":0,"comment_status":"closed","ping_status":"closed","template":"","meta":[],"_links":{"self":[{"href":"https:\/\/yoga-alegria.fr\/index.php\/wp-json\/wp\/v2\/pages\/860"}],"collection":[{"href":"https:\/\/yoga-alegria.fr\/index.php\/wp-json\/wp\/v2\/pages"}],"about":[{"href":"https:\/\/yoga-alegria.fr\/index.php\/wp-json\/wp\/v2\/types\/page"}],"author":[{"embeddable":true,"href":"https:\/\/yoga-alegria.fr\/index.php\/wp-json\/wp\/v2\/users\/1"}],"replies":[{"embeddable":true,"href":"https:\/\/yoga-alegria.fr\/index.php\/wp-json\/wp\/v2\/comments?post=860"}],"version-history":[{"count":58,"href":"https:\/\/yoga-alegria.fr\/index.php\/wp-json\/wp\/v2\/pages\/860\/revisions"}],"predecessor-version":[{"id":1426,"href":"https:\/\/yoga-alegria.fr\/index.php\/wp-json\/wp\/v2\/pages\/860\/revisions\/1426"}],"wp:attachment":[{"href":"https:\/\/yoga-alegria.fr\/index.php\/wp-json\/wp\/v2\/media?parent=860"}],"curies":[{"name":"wp","href":"https:\/\/api.w.org\/{rel}","templated":true}]}}