{"id":855,"date":"2020-06-10T19:30:47","date_gmt":"2020-06-10T18:30:47","guid":{"rendered":"http:\/\/yoga-alegria.fr\/?page_id=855"},"modified":"2025-07-29T21:07:03","modified_gmt":"2025-07-29T20:07:03","slug":"actu-1","status":"publish","type":"page","link":"https:\/\/yoga-alegria.fr\/index.php\/actu-1\/","title":{"rendered":"Deux sadhanas par Zoom, mardi et vendredi"},"content":{"rendered":"<h2><\/h2>\n<p><em>A partir du 23 Septembre 2025<\/em>, nous reprenons\u00a0<strong><em> les cours en pr\u00e9sentie<\/em>l (voir onglet \u00ab\u00a0Cours\u00a0\u00bb pour les horaires)\u00a0 <\/strong><\/p>\n<p><strong>Nous red\u00e9marrerons, <\/strong>\u00a0deux fois par semaine,\u00a0 <em><strong>les mardi et vendredi, une Sadhana\u00a0 par Zoom\u00a0 \u00e0\u00a0 6H30,\u00a0 A PARTIR DU MARDI 16 SEPTEMBRE.<\/strong><\/em><b><br \/>\n<\/b><\/p>\n<div>\n<p>La diff\u00e9rence est la suivante: <strong>une sadhana<\/strong> est une pratique de yoga au lever du jour, partag\u00e9e entre vous et nous; il y a peu de commentaires et d&rsquo;explications; de plus, c&rsquo;est une pratique gratuite et ouverte \u00e0 tous; mais il faut vous signaler pour que nous puissions vous envoyer le lien de participation sur Zoom. <strong>Un cours,<\/strong> vous connaissez, on vous enseigne la pratique pas \u00e0 pas, on vous accompagne plus dans les d\u00e9tails.<\/p>\n<p>Pour suivre ces sadhanas par Zoom, nous le rappelons \u00e0 ceux qui n&rsquo;en ont pas encore l&rsquo;habitude,<strong> il vous faut installer, sur votre ordinateur ou votre smartphone, l&rsquo;application Zoom<\/strong>, ce qui est rapide et gratuit. Vous cliquez alors sur le lien de la r\u00e9union (qui vous sera envoy\u00e9 sur demande), et vous rentrez directement dans le cours. Il ne vous reste \u00e9ventuellement qu&rsquo;\u00e0 ajuster quelques param\u00e8tres: micro, cam\u00e9ra, type d&rsquo;affichage.<\/p>\n<\/div>\n","protected":false},"excerpt":{"rendered":"<p>A partir du 23 Septembre 2025, nous reprenons\u00a0 les cours en pr\u00e9sentiel (voir onglet \u00ab\u00a0Cours\u00a0\u00bb pour les horaires)\u00a0 Nous red\u00e9marrerons, \u00a0deux fois par semaine,\u00a0 les mardi et vendredi, une Sadhana\u00a0 par Zoom\u00a0 \u00e0\u00a0 6H30,\u00a0 A PARTIR DU MARDI 16 SEPTEMBRE. La diff\u00e9rence est la suivante: une sadhana est une pratique de yoga au lever du [&hellip;]<\/p>\n","protected":false},"author":1,"featured_media":0,"parent":0,"menu_order":0,"comment_status":"closed","ping_status":"closed","template":"","meta":[],"_links":{"self":[{"href":"https:\/\/yoga-alegria.fr\/index.php\/wp-json\/wp\/v2\/pages\/855"}],"collection":[{"href":"https:\/\/yoga-alegria.fr\/index.php\/wp-json\/wp\/v2\/pages"}],"about":[{"href":"https:\/\/yoga-alegria.fr\/index.php\/wp-json\/wp\/v2\/types\/page"}],"author":[{"embeddable":true,"href":"https:\/\/yoga-alegria.fr\/index.php\/wp-json\/wp\/v2\/users\/1"}],"replies":[{"embeddable":true,"href":"https:\/\/yoga-alegria.fr\/index.php\/wp-json\/wp\/v2\/comments?post=855"}],"version-history":[{"count":24,"href":"https:\/\/yoga-alegria.fr\/index.php\/wp-json\/wp\/v2\/pages\/855\/revisions"}],"predecessor-version":[{"id":1407,"href":"https:\/\/yoga-alegria.fr\/index.php\/wp-json\/wp\/v2\/pages\/855\/revisions\/1407"}],"wp:attachment":[{"href":"https:\/\/yoga-alegria.fr\/index.php\/wp-json\/wp\/v2\/media?parent=855"}],"curies":[{"name":"wp","href":"https:\/\/api.w.org\/{rel}","templated":true}]}}