{"id":77,"date":"2015-12-28T09:05:35","date_gmt":"2015-12-28T09:05:35","guid":{"rendered":"http:\/\/yoga-alegria.fr\/?page_id=77"},"modified":"2016-03-03T14:19:58","modified_gmt":"2016-03-03T13:19:58","slug":"le-cercle-de-parole","status":"publish","type":"page","link":"https:\/\/yoga-alegria.fr\/index.php\/les-stages\/le-cercle-de-parole\/","title":{"rendered":"Le cercle de parole"},"content":{"rendered":"<p style=\"text-align: justify;\"><span style=\"color: #000000;\"><strong><span style=\"font-family: Tahoma, sans-serif;\"><span style=\"font-size: small;\">C&rsquo;est un outil d&rsquo;expression et d&rsquo;ouverture du c\u0153ur, expression n\u00e9cessaire pour formaliser les prises de conscience en cours pour celui qui parle, apprentissage de l&rsquo;\u00e9coute profonde et sans jugement pour ceux qui \u00e9coutent.<\/span><\/span><\/strong><\/span><\/p>\n<p style=\"text-align: justify;\"><span style=\"color: #000000;\"><span style=\"font-family: Tahoma, sans-serif;\"><span style=\"font-size: small;\">Celui ou celle qui d\u00e9tient le b\u00e2ton de parole en main est le seul \u00e0 pouvoir parler tandis que les autres lui accordent leur attention. Plus encore que la parole, c\u2019est bien souvent <\/span><\/span><strong><span style=\"font-family: Tahoma, sans-serif;\"><span style=\"font-size: small;\">l\u2019\u00e9coute qui favorise l\u2019\u00e9volution de chacun<\/span><\/span><\/strong><span style=\"font-family: Tahoma, sans-serif;\"><span style=\"font-size: small;\">. <\/span><\/span><\/span><\/p>\n<p style=\"text-align: justify;\"><span style=\"color: #000000;\"><span style=\"font-family: Tahoma, sans-serif;\"><span style=\"font-size: small;\">L\u2019effet miroir est alors \u00e0 l\u2019\u0153uvre \u2013 l\u2019autre, parlant de son probl\u00e8me, parle du mien sans le savoir ! Quelques r\u00e8gles simples instaurent une \u00e9coute respectueuse, bienveillante et une expression calme, lib\u00e9r\u00e9e de la crainte de se faire couper la parole. <\/span><\/span><\/span><\/p>\n<p style=\"text-align: justify;\"><span style=\"color: #000000;\"><span style=\"font-family: Tahoma, sans-serif;\"><span style=\"font-size: small;\">De plus, le temps que le b\u00e2ton arrive \u00e0 nous, nous avons eu le temps n\u00e9cessaire de m\u00fbrir ce que nous souhaitons dire, tel le fruit qui tombe naturellement de l&rsquo;arbre pour se donner \u00e0 point. Au lieu de nous exprimer en r\u00e9action \u00e0 ce que nous venons d&rsquo;entendre, nous le faisons en laissant les choses m\u00fbrir en nous, et en parlant consciemment, \u00e0 partir du c\u0153ur.<\/span><\/span><\/span><\/p>\n<p style=\"text-align: justify;\"><span style=\"color: #000000;\"><span style=\"font-family: Tahoma, sans-serif;\"><span style=\"font-size: small;\">Ces s\u00e9ances se pratiquent dans un environnement s\u00e9curisant, chaleureux, et souvent joyeux, ou <\/span><\/span><strong><span style=\"font-family: Tahoma, sans-serif;\"><span style=\"font-size: small;\">nous apprenons la V\u00e9ritable \u00c9coute de l&rsquo;Autre<\/span><\/span><\/strong><span style=\"font-family: Tahoma, sans-serif;\"><span style=\"font-size: small;\">, garantissant <\/span><\/span><strong><span style=\"font-family: Tahoma, sans-serif;\"><span style=\"font-size: small;\">le non-jugement,<\/span><\/span><\/strong><span style=\"font-family: Tahoma, sans-serif;\"><span style=\"font-size: small;\"> la tol\u00e9rance, l&rsquo;acceptation de l&rsquo;autre et de soi-m\u00eame, le respect et la confidentialit\u00e9, la Parole Sacr\u00e9e. <\/span><\/span><\/span><\/p>\n<p style=\"text-align: justify;\"><span style=\"font-family: Tahoma, sans-serif; color: #000000;\"><span style=\"font-size: small;\">Chacun y chemine \u00e0 son propre rythme sur \u00ab\u00a0la voie\u00a0\u00bb qui le conduit \u00e0 la source de l&rsquo;Amour, de la Conscience et de la Libert\u00e9.<\/span><\/span><\/p>\n<p style=\"text-align: justify;\">\n<p style=\"text-align: justify;\"><img decoding=\"async\" loading=\"lazy\" class=\" wp-image-451 aligncenter\" src=\"http:\/\/yoga-alegria.fr\/wp-content\/uploads\/2015\/12\/stage-4-elts-12-1024x624.jpeg\" alt=\"\" width=\"566\" height=\"345\" srcset=\"https:\/\/yoga-alegria.fr\/wp-content\/uploads\/2015\/12\/stage-4-elts-12-1024x624.jpeg 1024w, https:\/\/yoga-alegria.fr\/wp-content\/uploads\/2015\/12\/stage-4-elts-12-300x183.jpeg 300w, https:\/\/yoga-alegria.fr\/wp-content\/uploads\/2015\/12\/stage-4-elts-12-768x468.jpeg 768w, https:\/\/yoga-alegria.fr\/wp-content\/uploads\/2015\/12\/stage-4-elts-12.jpeg 1264w\" sizes=\"(max-width: 566px) 100vw, 566px\" \/><\/p>\n","protected":false},"excerpt":{"rendered":"<p>C&rsquo;est un outil d&rsquo;expression et d&rsquo;ouverture du c\u0153ur, expression n\u00e9cessaire pour formaliser les prises de conscience en cours pour celui qui parle, apprentissage de l&rsquo;\u00e9coute profonde et sans jugement pour ceux qui \u00e9coutent. Celui ou celle qui d\u00e9tient le b\u00e2ton de parole en main est le seul \u00e0 pouvoir parler tandis que les autres lui [&hellip;]<\/p>\n","protected":false},"author":1,"featured_media":0,"parent":9,"menu_order":0,"comment_status":"closed","ping_status":"closed","template":"","meta":[],"_links":{"self":[{"href":"https:\/\/yoga-alegria.fr\/index.php\/wp-json\/wp\/v2\/pages\/77"}],"collection":[{"href":"https:\/\/yoga-alegria.fr\/index.php\/wp-json\/wp\/v2\/pages"}],"about":[{"href":"https:\/\/yoga-alegria.fr\/index.php\/wp-json\/wp\/v2\/types\/page"}],"author":[{"embeddable":true,"href":"https:\/\/yoga-alegria.fr\/index.php\/wp-json\/wp\/v2\/users\/1"}],"replies":[{"embeddable":true,"href":"https:\/\/yoga-alegria.fr\/index.php\/wp-json\/wp\/v2\/comments?post=77"}],"version-history":[{"count":4,"href":"https:\/\/yoga-alegria.fr\/index.php\/wp-json\/wp\/v2\/pages\/77\/revisions"}],"predecessor-version":[{"id":453,"href":"https:\/\/yoga-alegria.fr\/index.php\/wp-json\/wp\/v2\/pages\/77\/revisions\/453"}],"up":[{"embeddable":true,"href":"https:\/\/yoga-alegria.fr\/index.php\/wp-json\/wp\/v2\/pages\/9"}],"wp:attachment":[{"href":"https:\/\/yoga-alegria.fr\/index.php\/wp-json\/wp\/v2\/media?parent=77"}],"curies":[{"name":"wp","href":"https:\/\/api.w.org\/{rel}","templated":true}]}}