{"id":74,"date":"2015-12-28T09:01:50","date_gmt":"2015-12-28T09:01:50","guid":{"rendered":"http:\/\/yoga-alegria.fr\/?page_id=74"},"modified":"2017-08-13T09:45:08","modified_gmt":"2017-08-13T08:45:08","slug":"linipi","status":"publish","type":"page","link":"https:\/\/yoga-alegria.fr\/index.php\/les-stages\/linipi\/","title":{"rendered":"L&rsquo;INIPI"},"content":{"rendered":"<p style=\"text-align: justify;\" align=\"LEFT\"><span style=\"font-family: Tahoma, sans-serif;\"><span style=\"font-size: small;\"><b><a href=\"http:\/\/yoga-alegria.fr\/wp-content\/uploads\/2015\/12\/IMG_3874.mov\">IMG_3874<\/a><\/b><\/span><\/span><\/p>\n<p style=\"text-align: justify;\" align=\"LEFT\">\n<p style=\"text-align: justify;\" align=\"LEFT\"><span style=\"font-family: Tahoma, sans-serif;\"><span style=\"font-size: small;\"><b><img decoding=\"async\" loading=\"lazy\" class=\"alignnone size-medium wp-image-690\" src=\"http:\/\/yoga-alegria.fr\/wp-content\/uploads\/2015\/12\/IMG_3826-300x225.jpg\" alt=\"IMG_3826\" width=\"300\" height=\"225\" srcset=\"https:\/\/yoga-alegria.fr\/wp-content\/uploads\/2015\/12\/IMG_3826-300x225.jpg 300w, https:\/\/yoga-alegria.fr\/wp-content\/uploads\/2015\/12\/IMG_3826-768x576.jpg 768w, https:\/\/yoga-alegria.fr\/wp-content\/uploads\/2015\/12\/IMG_3826-1024x768.jpg 1024w, https:\/\/yoga-alegria.fr\/wp-content\/uploads\/2015\/12\/IMG_3826-135x100.jpg 135w\" sizes=\"(max-width: 300px) 100vw, 300px\" \/><\/b><\/span><\/span><\/p>\n<p style=\"text-align: justify;\" align=\"LEFT\"><span style=\"font-family: Tahoma, sans-serif;\"><span style=\"font-size: small;\"><b>Le rituel indien (Sioux Lakota) de reliance avec la Nature Transmis par Archie Fire Lame Deer.<img decoding=\"async\" loading=\"lazy\" class=\" wp-image-215 alignright\" src=\"http:\/\/yoga-alegria.fr\/wp-content\/uploads\/2015\/12\/Archie-Fire-Lame-Deer.png\" alt=\"Archie-Fire-Lame-Deer\" width=\"166\" height=\"166\" srcset=\"https:\/\/yoga-alegria.fr\/wp-content\/uploads\/2015\/12\/Archie-Fire-Lame-Deer.png 200w, https:\/\/yoga-alegria.fr\/wp-content\/uploads\/2015\/12\/Archie-Fire-Lame-Deer-150x150.png 150w\" sizes=\"(max-width: 166px) 100vw, 166px\" \/><\/b><\/span><\/span><\/p>\n<p style=\"text-align: justify;\"><span style=\"font-family: Tahoma, sans-serif;\"><span style=\"font-size: small;\">Il s\u2019agit d\u2019une tradition mill\u00e9naire, que l\u2019on retrouve sur tous les continents, de l\u2019Am\u00e9rique du Nord \u00e0 la Sib\u00e9rie. Ces rituels font partie de la tradition chamanique, qui voit un lien \u00e9troit entre la psych\u00e9 (ou l\u2019Ame) de l\u2019Homme, et les Esprits ou El\u00e9ments de la Nature. L\u2019Homme n\u2019est en paix (et en sant\u00e9) que lorsque ces liens sont forts et harmonieux. Pour cela il se relie fr\u00e9quemment \u00e0 ces \u00e9l\u00e9ments, et ce en particulier \u00e0 travers de rituels souvent collectifs.<\/span><\/span><\/p>\n<p style=\"text-align: justify;\"><span style=\"font-family: Tahoma, sans-serif;\"><span style=\"font-size: small;\">L\u2019un des plus forts de ces rituels est la hutte \u00e0 sudation, appel\u00e9e INIPI chez les Sioux des plaines am\u00e9ricaines. Il est pratiqu\u00e9 chaque fois que l\u2019Homme a ressenti un d\u00e9s\u00e9quilibre avec son milieu de vie naturel (qui est sa matrice) ou \u00e0 l\u2019occasion de rassemblements, pour harmoniser le groupe et son environnement.<img decoding=\"async\" loading=\"lazy\" class=\" wp-image-535 alignright ftyjijazubghdtihmbpc vrbhnmgnazzdzejojvex\" src=\"http:\/\/yoga-alegria.fr\/wp-content\/uploads\/2015\/12\/P9266106-1-120x300.jpg\" alt=\"\" width=\"163\" height=\"407\" srcset=\"https:\/\/yoga-alegria.fr\/wp-content\/uploads\/2015\/12\/P9266106-1-120x300.jpg 120w, https:\/\/yoga-alegria.fr\/wp-content\/uploads\/2015\/12\/P9266106-1-768x1921.jpg 768w, https:\/\/yoga-alegria.fr\/wp-content\/uploads\/2015\/12\/P9266106-1-409x1024.jpg 409w, https:\/\/yoga-alegria.fr\/wp-content\/uploads\/2015\/12\/P9266106-1.jpg 1305w\" sizes=\"(max-width: 163px) 100vw, 163px\" \/><\/span><\/span><\/p>\n<p style=\"text-align: justify;\"><span style=\"font-family: Tahoma, sans-serif;\"><span style=\"font-size: small;\">La premi\u00e8re \u00e9tape est la construction de la hutte (Initi) en saules, et du feu rituel, qui chauffe les pierres. Puis les participants entrent dans la hutte, qui re\u00e7oit les pierres br\u00fblantes et<br \/>\nest alors ferm\u00e9e. \u00a0<\/span><\/span><span style=\"font-family: Tahoma, sans-serif;\"><span style=\"font-size: small;\">Le ma\u00eetre de c\u00e9r\u00e9monie guide les participants dans les d\u00e9marches de reliance avec les \u00e9l\u00e9ments et de retour sur soi, en m\u00eame temps qu\u2019il arrose les pierres, cr\u00e9ant une atmosph\u00e8re chaude, o\u00f9 la sudation est reli\u00e9e symboliquement \u00e0 la purification de chacun. <\/span><\/span><\/p>\n<p style=\"text-align: justify;\"><span style=\"font-family: Tahoma, sans-serif;\"><span style=\"font-size: small;\">La respiration nous relie \u00e0 l\u2019Air, les pierres chaudes au Feu, leur arrosage et la sueur \u00e0 l\u2019Eau, la hutte et l\u2019obscurit\u00e9 \u00e0 la Terre M\u00e8re. <\/span><\/span><span style=\"font-family: Tahoma, sans-serif;\"><span style=\"font-size: small;\">Dans cet \u00e9tat \u00e0 la fois vuln\u00e9rable et reli\u00e9, il peut s\u2019op\u00e9rer en chacun un nettoyage, une lib\u00e9ration des tensions et fardeaux inutiles, une vision plus nette des enjeux \u00e0 traverser, un apaisement et la possibilit\u00e9 d\u2019un ajustement dans le parcours de vie.<\/span><\/span><\/p>\n<p style=\"text-align: justify;\"><span style=\"font-family: Tahoma, sans-serif;\"><span style=\"font-size: small;\">Pour les Occidentaux modernes, cette c\u00e9r\u00e9monie puissante permet aussi de se d\u00e9faire des parasitages m\u00e9diatiques et des stress inh\u00e9rents \u00e0 une soci\u00e9t\u00e9 agit\u00e9e et superficielle, de se retremper dans les \u00e9nergies primales de la vie, de renouer avec les symboliques \u00e9ternelles \u00e0 l\u2019\u0153uvre en nous et dans la nature.<\/span><\/span><\/p>\n<p style=\"text-align: justify;\"><span style=\"font-family: Tahoma, sans-serif;\"><span style=\"font-size: small;\">Nous vous accueillerons \u00e0 15h, et vous repartirez le lendemain matin apr\u00e8s une Sadhana et un bon petit d\u00e9jeuner.<\/span><\/span><\/p>\n<p style=\"text-align: justify;\"><span style=\"font-family: Tahoma, sans-serif;\"><span style=\"font-size: small;\"><b>Venir avec tenue d&rsquo;ext\u00e9rieur, par\u00e9o, serviette de bain, duvet et un repas l\u00e9ger pour le soir.<\/b><\/span><\/span><\/p>\n<p style=\"text-align: justify;\"><strong>Pour les dates d&rsquo;Inipi, voir dans :\u00a0 Stages\/Programme et tarifs<\/strong><\/p>\n\n\t\t<style type=\"text\/css\">\n\t\t\t#gallery-1 {\n\t\t\t\tmargin: auto;\n\t\t\t}\n\t\t\t#gallery-1 .gallery-item {\n\t\t\t\tfloat: left;\n\t\t\t\tmargin-top: 10px;\n\t\t\t\ttext-align: center;\n\t\t\t\twidth: 25%;\n\t\t\t}\n\t\t\t#gallery-1 img {\n\t\t\t\tborder: 2px solid #cfcfcf;\n\t\t\t}\n\t\t\t#gallery-1 .gallery-caption {\n\t\t\t\tmargin-left: 0;\n\t\t\t}\n\t\t\t\/* see gallery_shortcode() in wp-includes\/media.php *\/\n\t\t<\/style>\n\t\t<div id='gallery-1' class='gallery galleryid-74 gallery-columns-4 gallery-size-medium'><dl class='gallery-item'>\n\t\t\t<dt class='gallery-icon landscape'>\n\t\t\t\t<img width=\"300\" height=\"225\" src=\"https:\/\/yoga-alegria.fr\/wp-content\/uploads\/2015\/12\/chez-Eric--300x225.jpg\" class=\"attachment-medium size-medium\" alt=\"\" decoding=\"async\" loading=\"lazy\" srcset=\"https:\/\/yoga-alegria.fr\/wp-content\/uploads\/2015\/12\/chez-Eric--300x225.jpg 300w, https:\/\/yoga-alegria.fr\/wp-content\/uploads\/2015\/12\/chez-Eric--135x100.jpg 135w, https:\/\/yoga-alegria.fr\/wp-content\/uploads\/2015\/12\/chez-Eric-.jpg 640w\" sizes=\"(max-width: 300px) 100vw, 300px\" \/>\n\t\t\t<\/dt><\/dl><dl class='gallery-item'>\n\t\t\t<dt class='gallery-icon landscape'>\n\t\t\t\t<img width=\"300\" height=\"225\" src=\"https:\/\/yoga-alegria.fr\/wp-content\/uploads\/2015\/12\/Copie-de-P9020080-300x225.jpg\" class=\"attachment-medium size-medium\" alt=\"\" decoding=\"async\" loading=\"lazy\" srcset=\"https:\/\/yoga-alegria.fr\/wp-content\/uploads\/2015\/12\/Copie-de-P9020080-300x225.jpg 300w, https:\/\/yoga-alegria.fr\/wp-content\/uploads\/2015\/12\/Copie-de-P9020080-768x576.jpg 768w, https:\/\/yoga-alegria.fr\/wp-content\/uploads\/2015\/12\/Copie-de-P9020080-1024x768.jpg 1024w, https:\/\/yoga-alegria.fr\/wp-content\/uploads\/2015\/12\/Copie-de-P9020080-135x100.jpg 135w\" sizes=\"(max-width: 300px) 100vw, 300px\" \/>\n\t\t\t<\/dt><\/dl><dl class='gallery-item'>\n\t\t\t<dt class='gallery-icon landscape'>\n\t\t\t\t<img width=\"300\" height=\"225\" src=\"https:\/\/yoga-alegria.fr\/wp-content\/uploads\/2015\/12\/inipi-construction-300x225.jpg\" class=\"attachment-medium size-medium\" alt=\"\" decoding=\"async\" loading=\"lazy\" srcset=\"https:\/\/yoga-alegria.fr\/wp-content\/uploads\/2015\/12\/inipi-construction-300x225.jpg 300w, https:\/\/yoga-alegria.fr\/wp-content\/uploads\/2015\/12\/inipi-construction-768x576.jpg 768w, https:\/\/yoga-alegria.fr\/wp-content\/uploads\/2015\/12\/inipi-construction-135x100.jpg 135w, https:\/\/yoga-alegria.fr\/wp-content\/uploads\/2015\/12\/inipi-construction.jpg 1000w\" sizes=\"(max-width: 300px) 100vw, 300px\" \/>\n\t\t\t<\/dt><\/dl><dl class='gallery-item'>\n\t\t\t<dt class='gallery-icon landscape'>\n\t\t\t\t<img width=\"300\" height=\"225\" src=\"https:\/\/yoga-alegria.fr\/wp-content\/uploads\/2015\/12\/inipi-le-feu-300x225.jpg\" class=\"attachment-medium size-medium\" alt=\"\" decoding=\"async\" loading=\"lazy\" srcset=\"https:\/\/yoga-alegria.fr\/wp-content\/uploads\/2015\/12\/inipi-le-feu-300x225.jpg 300w, https:\/\/yoga-alegria.fr\/wp-content\/uploads\/2015\/12\/inipi-le-feu-768x576.jpg 768w, https:\/\/yoga-alegria.fr\/wp-content\/uploads\/2015\/12\/inipi-le-feu-135x100.jpg 135w, https:\/\/yoga-alegria.fr\/wp-content\/uploads\/2015\/12\/inipi-le-feu.jpg 1000w\" sizes=\"(max-width: 300px) 100vw, 300px\" \/>\n\t\t\t<\/dt><\/dl><br style=\"clear: both\" \/>\n\t\t<\/div>\n\n<p>&nbsp;<\/p>\n\n\t\t<style type=\"text\/css\">\n\t\t\t#gallery-2 {\n\t\t\t\tmargin: auto;\n\t\t\t}\n\t\t\t#gallery-2 .gallery-item {\n\t\t\t\tfloat: left;\n\t\t\t\tmargin-top: 10px;\n\t\t\t\ttext-align: center;\n\t\t\t\twidth: 20%;\n\t\t\t}\n\t\t\t#gallery-2 img {\n\t\t\t\tborder: 2px solid #cfcfcf;\n\t\t\t}\n\t\t\t#gallery-2 .gallery-caption {\n\t\t\t\tmargin-left: 0;\n\t\t\t}\n\t\t\t\/* see gallery_shortcode() in wp-includes\/media.php *\/\n\t\t<\/style>\n\t\t<div id='gallery-2' class='gallery galleryid-74 gallery-columns-5 gallery-size-thumbnail'><dl class='gallery-item'>\n\t\t\t<dt class='gallery-icon landscape'>\n\t\t\t\t<img width=\"150\" height=\"150\" src=\"https:\/\/yoga-alegria.fr\/wp-content\/uploads\/2015\/12\/Copie-de-P9020090-150x150.jpg\" class=\"attachment-thumbnail size-thumbnail\" alt=\"\" decoding=\"async\" loading=\"lazy\" \/>\n\t\t\t<\/dt><\/dl><dl class='gallery-item'>\n\t\t\t<dt class='gallery-icon portrait'>\n\t\t\t\t<img width=\"150\" height=\"150\" src=\"https:\/\/yoga-alegria.fr\/wp-content\/uploads\/2015\/12\/Copie-de-P9020138-150x150.jpg\" class=\"attachment-thumbnail size-thumbnail\" alt=\"\" decoding=\"async\" loading=\"lazy\" \/>\n\t\t\t<\/dt><\/dl><dl class='gallery-item'>\n\t\t\t<dt class='gallery-icon portrait'>\n\t\t\t\t<img width=\"150\" height=\"150\" src=\"https:\/\/yoga-alegria.fr\/wp-content\/uploads\/2015\/12\/P9020126-150x150.jpg\" class=\"attachment-thumbnail size-thumbnail\" alt=\"\" decoding=\"async\" loading=\"lazy\" \/>\n\t\t\t<\/dt><\/dl><dl class='gallery-item'>\n\t\t\t<dt class='gallery-icon landscape'>\n\t\t\t\t<img width=\"150\" height=\"150\" src=\"https:\/\/yoga-alegria.fr\/wp-content\/uploads\/2015\/12\/P9020143-150x150.jpg\" class=\"attachment-thumbnail size-thumbnail\" alt=\"\" decoding=\"async\" loading=\"lazy\" \/>\n\t\t\t<\/dt><\/dl><dl class='gallery-item'>\n\t\t\t<dt class='gallery-icon portrait'>\n\t\t\t\t<img width=\"150\" height=\"150\" src=\"https:\/\/yoga-alegria.fr\/wp-content\/uploads\/2015\/12\/P9266106-150x150.jpg\" class=\"attachment-thumbnail size-thumbnail\" alt=\"\" decoding=\"async\" loading=\"lazy\" \/>\n\t\t\t<\/dt><\/dl><br style=\"clear: both\" \/>\n\t\t<\/div>\n\n","protected":false},"excerpt":{"rendered":"<p>IMG_3874 Le rituel indien (Sioux Lakota) de reliance avec la Nature Transmis par Archie Fire Lame Deer. Il s\u2019agit d\u2019une tradition mill\u00e9naire, que l\u2019on retrouve sur tous les continents, de l\u2019Am\u00e9rique du Nord \u00e0 la Sib\u00e9rie. Ces rituels font partie de la tradition chamanique, qui voit un lien \u00e9troit entre la psych\u00e9 (ou l\u2019Ame) de [&hellip;]<\/p>\n","protected":false},"author":1,"featured_media":0,"parent":9,"menu_order":0,"comment_status":"closed","ping_status":"closed","template":"","meta":[],"_links":{"self":[{"href":"https:\/\/yoga-alegria.fr\/index.php\/wp-json\/wp\/v2\/pages\/74"}],"collection":[{"href":"https:\/\/yoga-alegria.fr\/index.php\/wp-json\/wp\/v2\/pages"}],"about":[{"href":"https:\/\/yoga-alegria.fr\/index.php\/wp-json\/wp\/v2\/types\/page"}],"author":[{"embeddable":true,"href":"https:\/\/yoga-alegria.fr\/index.php\/wp-json\/wp\/v2\/users\/1"}],"replies":[{"embeddable":true,"href":"https:\/\/yoga-alegria.fr\/index.php\/wp-json\/wp\/v2\/comments?post=74"}],"version-history":[{"count":21,"href":"https:\/\/yoga-alegria.fr\/index.php\/wp-json\/wp\/v2\/pages\/74\/revisions"}],"predecessor-version":[{"id":691,"href":"https:\/\/yoga-alegria.fr\/index.php\/wp-json\/wp\/v2\/pages\/74\/revisions\/691"}],"up":[{"embeddable":true,"href":"https:\/\/yoga-alegria.fr\/index.php\/wp-json\/wp\/v2\/pages\/9"}],"wp:attachment":[{"href":"https:\/\/yoga-alegria.fr\/index.php\/wp-json\/wp\/v2\/media?parent=74"}],"curies":[{"name":"wp","href":"https:\/\/api.w.org\/{rel}","templated":true}]}}