{"id":66,"date":"2015-12-28T08:51:58","date_gmt":"2015-12-28T08:51:58","guid":{"rendered":"http:\/\/yoga-alegria.fr\/?page_id=66"},"modified":"2016-05-10T09:41:08","modified_gmt":"2016-05-10T08:41:08","slug":"stages-de-kundalini-yoga","status":"publish","type":"page","link":"https:\/\/yoga-alegria.fr\/index.php\/les-stages\/stages-de-kundalini-yoga\/","title":{"rendered":"Stages de Kundalini Yoga"},"content":{"rendered":"<p align=\"JUSTIFY\"><span style=\"font-family: Tahoma, sans-serif; color: #000000;\"><span style=\"font-size: small;\">Ce sont des stages d&rsquo;un \u00e0 4 jours, orient\u00e9s autour d&rsquo;un Th\u00e8me\u00a0: respiration, m\u00e9ditation, lien \u00e0 la terre, les 4 \u00e9l\u00e9ments&#8230;<\/span><\/span><\/p>\n<p align=\"JUSTIFY\"><span style=\"font-family: Tahoma, sans-serif; color: #000000;\"><span style=\"font-size: small;\">Vous y pratiquerez, avec plus de temps, d&rsquo;intensit\u00e9 et de profondeur que durant les cours, des exercices physiques parfois tr\u00e8s dynamiques, diverses formes de respiration et de m\u00e9ditations parfois actives et chant\u00e9es, vous y exp\u00e9rimenterez la puissance des mantras, sons \u00e9nerg\u00e9tiques consacr\u00e9s par une pratique souvent mill\u00e9naire. <\/span><\/span><span style=\"font-family: Tahoma, sans-serif; color: #000000;\"><span style=\"font-size: small;\">Des cercles de parole vous donneront l&rsquo;opportunit\u00e9 de faire le point, de formuler vos ressentis, de partager vos exp\u00e9riences, de mettre en mots des perceptions subtiles importante sur votre chemin de conscience.<\/span><\/span><\/p>\n<p align=\"JUSTIFY\"><span style=\"font-family: Tahoma, sans-serif; color: #000000;\"><span style=\"font-size: small;\">Des ateliers sp\u00e9cifiques centr\u00e9s sur les th\u00e8mes du stage vous y seront propos\u00e9s pour vous permettre d&rsquo;entrer en profondeur dans l&rsquo;exp\u00e9rience de la m\u00e9ditation, de la respiration, du lien aux forces de la nature, le la relation \u00e0 la Terre M\u00e8re&#8230;<\/span><\/span><\/p>\n<p>\n\t\t<style type=\"text\/css\">\n\t\t\t#gallery-1 {\n\t\t\t\tmargin: auto;\n\t\t\t}\n\t\t\t#gallery-1 .gallery-item {\n\t\t\t\tfloat: left;\n\t\t\t\tmargin-top: 10px;\n\t\t\t\ttext-align: center;\n\t\t\t\twidth: 33%;\n\t\t\t}\n\t\t\t#gallery-1 img {\n\t\t\t\tborder: 2px solid #cfcfcf;\n\t\t\t}\n\t\t\t#gallery-1 .gallery-caption {\n\t\t\t\tmargin-left: 0;\n\t\t\t}\n\t\t\t\/* see gallery_shortcode() in wp-includes\/media.php *\/\n\t\t<\/style>\n\t\t<div id='gallery-1' class='gallery galleryid-66 gallery-columns-3 gallery-size-full'><dl class='gallery-item'>\n\t\t\t<dt class='gallery-icon landscape'>\n\t\t\t\t<img width=\"2048\" height=\"1536\" src=\"https:\/\/yoga-alegria.fr\/wp-content\/uploads\/2016\/01\/2007-10-10-02.05.17.jpg\" class=\"attachment-full size-full\" alt=\"\" decoding=\"async\" loading=\"lazy\" srcset=\"https:\/\/yoga-alegria.fr\/wp-content\/uploads\/2016\/01\/2007-10-10-02.05.17.jpg 2048w, https:\/\/yoga-alegria.fr\/wp-content\/uploads\/2016\/01\/2007-10-10-02.05.17-300x225.jpg 300w, https:\/\/yoga-alegria.fr\/wp-content\/uploads\/2016\/01\/2007-10-10-02.05.17-768x576.jpg 768w, https:\/\/yoga-alegria.fr\/wp-content\/uploads\/2016\/01\/2007-10-10-02.05.17-1024x768.jpg 1024w, https:\/\/yoga-alegria.fr\/wp-content\/uploads\/2016\/01\/2007-10-10-02.05.17-135x100.jpg 135w\" sizes=\"(max-width: 2048px) 100vw, 2048px\" \/>\n\t\t\t<\/dt><\/dl><dl class='gallery-item'>\n\t\t\t<dt class='gallery-icon landscape'>\n\t\t\t\t<img width=\"2048\" height=\"1536\" src=\"https:\/\/yoga-alegria.fr\/wp-content\/uploads\/2016\/01\/DSC06439.jpg\" class=\"attachment-full size-full\" alt=\"\" decoding=\"async\" loading=\"lazy\" srcset=\"https:\/\/yoga-alegria.fr\/wp-content\/uploads\/2016\/01\/DSC06439.jpg 2048w, https:\/\/yoga-alegria.fr\/wp-content\/uploads\/2016\/01\/DSC06439-300x225.jpg 300w, https:\/\/yoga-alegria.fr\/wp-content\/uploads\/2016\/01\/DSC06439-768x576.jpg 768w, https:\/\/yoga-alegria.fr\/wp-content\/uploads\/2016\/01\/DSC06439-1024x768.jpg 1024w, https:\/\/yoga-alegria.fr\/wp-content\/uploads\/2016\/01\/DSC06439-135x100.jpg 135w\" sizes=\"(max-width: 2048px) 100vw, 2048px\" \/>\n\t\t\t<\/dt><\/dl><dl class='gallery-item'>\n\t\t\t<dt class='gallery-icon landscape'>\n\t\t\t\t<img width=\"2048\" height=\"1536\" src=\"https:\/\/yoga-alegria.fr\/wp-content\/uploads\/2016\/01\/DSC06446.jpg\" class=\"attachment-full size-full\" alt=\"\" decoding=\"async\" loading=\"lazy\" srcset=\"https:\/\/yoga-alegria.fr\/wp-content\/uploads\/2016\/01\/DSC06446.jpg 2048w, https:\/\/yoga-alegria.fr\/wp-content\/uploads\/2016\/01\/DSC06446-300x225.jpg 300w, https:\/\/yoga-alegria.fr\/wp-content\/uploads\/2016\/01\/DSC06446-768x576.jpg 768w, https:\/\/yoga-alegria.fr\/wp-content\/uploads\/2016\/01\/DSC06446-1024x768.jpg 1024w, https:\/\/yoga-alegria.fr\/wp-content\/uploads\/2016\/01\/DSC06446-135x100.jpg 135w\" sizes=\"(max-width: 2048px) 100vw, 2048px\" \/>\n\t\t\t<\/dt><\/dl><br style=\"clear: both\" \/>\n\t\t<\/div>\n<br \/>\n<img decoding=\"async\" loading=\"lazy\" class=\"alignnone wp-image-416\" src=\"http:\/\/yoga-alegria.fr\/wp-content\/uploads\/2015\/12\/P6143688-e1457003249480-768x1024.jpg\" alt=\"\" width=\"239\" height=\"318\" srcset=\"https:\/\/yoga-alegria.fr\/wp-content\/uploads\/2015\/12\/P6143688-e1457003249480-768x1024.jpg 768w, https:\/\/yoga-alegria.fr\/wp-content\/uploads\/2015\/12\/P6143688-e1457003249480-225x300.jpg 225w\" sizes=\"(max-width: 239px) 100vw, 239px\" \/>\u00a0 \u00a0<img decoding=\"async\" loading=\"lazy\" class=\"alignnone wp-image-417\" src=\"http:\/\/yoga-alegria.fr\/wp-content\/uploads\/2015\/12\/stage-4-elts-11-1024x608.jpeg\" alt=\"\" width=\"536\" height=\"318\" srcset=\"https:\/\/yoga-alegria.fr\/wp-content\/uploads\/2015\/12\/stage-4-elts-11-1024x608.jpeg 1024w, https:\/\/yoga-alegria.fr\/wp-content\/uploads\/2015\/12\/stage-4-elts-11-300x178.jpeg 300w, https:\/\/yoga-alegria.fr\/wp-content\/uploads\/2015\/12\/stage-4-elts-11-768x456.jpeg 768w, https:\/\/yoga-alegria.fr\/wp-content\/uploads\/2015\/12\/stage-4-elts-11.jpeg 1264w\" sizes=\"(max-width: 536px) 100vw, 536px\" \/><br \/>\n<br \/><\/br><br \/>\n[player id=594]<\/p>\n","protected":false},"excerpt":{"rendered":"<p>Ce sont des stages d&rsquo;un \u00e0 4 jours, orient\u00e9s autour d&rsquo;un Th\u00e8me\u00a0: respiration, m\u00e9ditation, lien \u00e0 la terre, les 4 \u00e9l\u00e9ments&#8230; Vous y pratiquerez, avec plus de temps, d&rsquo;intensit\u00e9 et de profondeur que durant les cours, des exercices physiques parfois tr\u00e8s dynamiques, diverses formes de respiration et de m\u00e9ditations parfois actives et chant\u00e9es, vous y [&hellip;]<\/p>\n","protected":false},"author":1,"featured_media":0,"parent":9,"menu_order":0,"comment_status":"closed","ping_status":"closed","template":"","meta":[],"_links":{"self":[{"href":"https:\/\/yoga-alegria.fr\/index.php\/wp-json\/wp\/v2\/pages\/66"}],"collection":[{"href":"https:\/\/yoga-alegria.fr\/index.php\/wp-json\/wp\/v2\/pages"}],"about":[{"href":"https:\/\/yoga-alegria.fr\/index.php\/wp-json\/wp\/v2\/types\/page"}],"author":[{"embeddable":true,"href":"https:\/\/yoga-alegria.fr\/index.php\/wp-json\/wp\/v2\/users\/1"}],"replies":[{"embeddable":true,"href":"https:\/\/yoga-alegria.fr\/index.php\/wp-json\/wp\/v2\/comments?post=66"}],"version-history":[{"count":21,"href":"https:\/\/yoga-alegria.fr\/index.php\/wp-json\/wp\/v2\/pages\/66\/revisions"}],"predecessor-version":[{"id":596,"href":"https:\/\/yoga-alegria.fr\/index.php\/wp-json\/wp\/v2\/pages\/66\/revisions\/596"}],"up":[{"embeddable":true,"href":"https:\/\/yoga-alegria.fr\/index.php\/wp-json\/wp\/v2\/pages\/9"}],"wp:attachment":[{"href":"https:\/\/yoga-alegria.fr\/index.php\/wp-json\/wp\/v2\/media?parent=66"}],"curies":[{"name":"wp","href":"https:\/\/api.w.org\/{rel}","templated":true}]}}