{"id":40,"date":"2015-12-27T22:11:37","date_gmt":"2015-12-27T22:11:37","guid":{"rendered":"http:\/\/yoga-alegria.fr\/?page_id=40"},"modified":"2016-05-13T17:21:58","modified_gmt":"2016-05-13T16:21:58","slug":"la-ftky","status":"publish","type":"page","link":"https:\/\/yoga-alegria.fr\/index.php\/microcosme\/la-ftky\/","title":{"rendered":"La FTKY"},"content":{"rendered":"<p align=\"JUSTIFY\"><span style=\"font-family: Tahoma, sans-serif;\"><span style=\"font-size: small;\">La F\u00e9d\u00e9ration Tantra Kundalini Yoga regroupe : <a href=\"http:\/\/www.ecoledutantra.fr\/\">\u00c9cole<\/a> \u2013 Centres \u2013 Associations et autres structures de <a href=\"http:\/\/www.ftky.org\/kundalini-yoga.html\">Kundalini Yoga<\/a> .<\/span><\/span><\/p>\n<p><span style=\"font-family: Tahoma, sans-serif;\"><span style=\"font-size: small;\">Elle r\u00e9unit tous les enseignants de <a href=\"http:\/\/www.ftky.org\/kundalini-yoga.html\">Kundalini Yoga<\/a> \u2013 les <a href=\"http:\/\/www.ftky.org\/therapie.html\">animateurs et les th\u00e9rapeutes<\/a> agr\u00e9\u00e9s, qui ont \u00e9t\u00e9 form\u00e9s dans <a href=\"http:\/\/www.ecoledutantra.fr\/\">l&rsquo;\u00c9cole du Tantra<\/a> et qui exercent en <a href=\"http:\/\/www.ftky.org\/associations-france.html\">France<\/a> et en <a href=\"http:\/\/www.ftky.org\/associations-belgique.html\">pays \u00e9trangers<\/a>. <\/span><\/span><\/p>\n<p><span style=\"font-family: Tahoma, sans-serif;\"><span style=\"font-size: small;\">Elle rassemble en son sein tous les adh\u00e9rents qui pratiquent dans ces diverses structures.<\/span><\/span><\/p>\n<h3 class=\"western\"><span style=\"font-family: Tahoma, sans-serif;\"><span style=\"font-size: small;\">Elle a pour but :<\/span><\/span><\/h3>\n<ul>\n<li><span style=\"font-family: Tahoma, sans-serif;\"><span style=\"font-size: small;\">De maintenir l&rsquo;esprit et la qualit\u00e9 de l&rsquo;enseignement transmis, la conformit\u00e9 de cet enseignement \u00e0 son <a href=\"http:\/\/www.ftky.org\/ftky-deontologie.html\">code de d\u00e9ontologie<\/a> et aux valeurs qu&rsquo;elle pr\u00f4ne ; <\/span><\/span><\/li>\n<li><span style=\"font-family: Tahoma, sans-serif;\"><span style=\"font-size: small;\">D&rsquo;assurer un soutien \u00e0 chacun de ses membres ; <\/span><\/span><\/li>\n<li><span style=\"font-family: Tahoma, sans-serif;\"><span style=\"font-size: small;\">D&rsquo;\u00e9tablir une politique commune au niveau : <\/span><\/span>\n<ul>\n<li><span style=\"font-family: Tahoma, sans-serif;\"><span style=\"font-size: small;\">Des montants des cotisations ; <\/span><\/span><\/li>\n<li><span style=\"font-family: Tahoma, sans-serif;\"><span style=\"font-size: small;\">De l&rsquo;implantation g\u00e9ographique des cours et des cr\u00e9ations nouvelles de structures associatives ou centres. <\/span><\/span><\/li>\n<\/ul>\n<\/li>\n<li><span style=\"font-family: Tahoma, sans-serif;\"><span style=\"font-size: small;\">De favoriser et faciliter la diffusion des informations et mat\u00e9riel p\u00e9dagogique entre les diverses structures et membres adh\u00e9rents ; <\/span><\/span><\/li>\n<li><span style=\"font-family: Tahoma, sans-serif;\"><span style=\"font-size: small;\">De garantir l&rsquo;activit\u00e9 d&rsquo;enseignant de ses professeurs agr\u00e9\u00e9s ; <\/span><\/span><\/li>\n<li><span style=\"font-family: Tahoma, sans-serif;\"><span style=\"font-size: small;\">De pr\u00e9server le caract\u00e8re traditionnel et initiatique de cet enseignement. <\/span><\/span><\/li>\n<\/ul>\n<p><span style=\"font-family: Tahoma, sans-serif;\"><span style=\"font-size: small;\">Elle contracte l&rsquo;assurance qui couvre au niveau national tous les \u00e9l\u00e8ves <\/span><\/span><\/p>\n<p><img decoding=\"async\" loading=\"lazy\" class=\"wp-image-380 alignright\" src=\"http:\/\/yoga-alegria.fr\/wp-content\/uploads\/2015\/12\/IMG_6479-1024x768.jpg\" alt=\"IMG_6479\" width=\"513\" height=\"385\" srcset=\"https:\/\/yoga-alegria.fr\/wp-content\/uploads\/2015\/12\/IMG_6479-1024x768.jpg 1024w, https:\/\/yoga-alegria.fr\/wp-content\/uploads\/2015\/12\/IMG_6479-300x225.jpg 300w, https:\/\/yoga-alegria.fr\/wp-content\/uploads\/2015\/12\/IMG_6479-768x576.jpg 768w, https:\/\/yoga-alegria.fr\/wp-content\/uploads\/2015\/12\/IMG_6479-135x100.jpg 135w, https:\/\/yoga-alegria.fr\/wp-content\/uploads\/2015\/12\/IMG_6479.jpg 1600w\" sizes=\"(max-width: 513px) 100vw, 513px\" \/><\/p>\n<p><span style=\"font-family: Tahoma, sans-serif;\"><span style=\"font-size: small;\">de toutes les associations locales, pour tous les risques aff\u00e9rents \u00e0 la <\/span><\/span><\/p>\n<p><span style=\"font-family: Tahoma, sans-serif;\"><span style=\"font-size: small;\">pratique du yoga, mais aussi des stages et regroupements divers.<\/span><\/span><\/p>\n<p>&nbsp;<\/p>\n<p><em>Plus de d\u00e9tails sur : <strong><span style=\"color: #000080;\">www.ftky.org<\/span><\/strong><\/em><\/p>\n<p>&nbsp;<\/p>\n","protected":false},"excerpt":{"rendered":"<p>La F\u00e9d\u00e9ration Tantra Kundalini Yoga regroupe : \u00c9cole \u2013 Centres \u2013 Associations et autres structures de Kundalini Yoga . Elle r\u00e9unit tous les enseignants de Kundalini Yoga \u2013 les animateurs et les th\u00e9rapeutes agr\u00e9\u00e9s, qui ont \u00e9t\u00e9 form\u00e9s dans l&rsquo;\u00c9cole du Tantra et qui exercent en France et en pays \u00e9trangers. Elle rassemble en son [&hellip;]<\/p>\n","protected":false},"author":1,"featured_media":0,"parent":34,"menu_order":0,"comment_status":"closed","ping_status":"closed","template":"","meta":[],"_links":{"self":[{"href":"https:\/\/yoga-alegria.fr\/index.php\/wp-json\/wp\/v2\/pages\/40"}],"collection":[{"href":"https:\/\/yoga-alegria.fr\/index.php\/wp-json\/wp\/v2\/pages"}],"about":[{"href":"https:\/\/yoga-alegria.fr\/index.php\/wp-json\/wp\/v2\/types\/page"}],"author":[{"embeddable":true,"href":"https:\/\/yoga-alegria.fr\/index.php\/wp-json\/wp\/v2\/users\/1"}],"replies":[{"embeddable":true,"href":"https:\/\/yoga-alegria.fr\/index.php\/wp-json\/wp\/v2\/comments?post=40"}],"version-history":[{"count":13,"href":"https:\/\/yoga-alegria.fr\/index.php\/wp-json\/wp\/v2\/pages\/40\/revisions"}],"predecessor-version":[{"id":625,"href":"https:\/\/yoga-alegria.fr\/index.php\/wp-json\/wp\/v2\/pages\/40\/revisions\/625"}],"up":[{"embeddable":true,"href":"https:\/\/yoga-alegria.fr\/index.php\/wp-json\/wp\/v2\/pages\/34"}],"wp:attachment":[{"href":"https:\/\/yoga-alegria.fr\/index.php\/wp-json\/wp\/v2\/media?parent=40"}],"curies":[{"name":"wp","href":"https:\/\/api.w.org\/{rel}","templated":true}]}}