{"id":37,"date":"2015-12-27T22:11:01","date_gmt":"2015-12-27T22:11:01","guid":{"rendered":"http:\/\/yoga-alegria.fr\/?page_id=37"},"modified":"2016-05-02T17:52:00","modified_gmt":"2016-05-02T16:52:00","slug":"lecole-du-tantra","status":"publish","type":"page","link":"https:\/\/yoga-alegria.fr\/index.php\/lecole-du-tantra\/","title":{"rendered":"L&rsquo;Ecole du Tantra"},"content":{"rendered":"<p><span style=\"font-family: Tahoma, sans-serif;\"><span style=\"font-size: small;\">Autour de la transmission du <a href=\"http:\/\/www.ecoledutantra.fr\/kundalini_yoga.htm\">Kundalini-yoga <\/a>et de l&rsquo;enseignement tantrique qui lui est li\u00e9, <\/span><\/span><a href=\"http:\/\/www.ecoledutantra.fr\/fondateur.htm\"><span style=\"font-family: Tahoma, sans-serif;\"><span style=\"font-size: small;\"><i><b>Jean-Jacques RIGOU<\/b><\/i><\/span><\/span><\/a><span style=\"font-family: Tahoma, sans-serif;\"><span style=\"font-size: small;\">, directeur fondateur, et son \u00e9quipe (enseignants de yoga, animateurs de groupes, th\u00e9rapeutes hollistiques), ont d\u00e9velopp\u00e9 depuis plus de 15 ans <\/span><\/span><span style=\"font-family: Tahoma, sans-serif;\"><span style=\"font-size: small;\"><b>l&rsquo;\u00c9cole du Tantra,<\/b><\/span><\/span><span style=\"font-family: Tahoma, sans-serif;\"><span style=\"font-size: small;\"> qui se veut avant tout un espace de <\/span><\/span><span style=\"font-family: Tahoma, sans-serif;\"><span style=\"font-size: small;\"><i>d\u00e9veloppement de la personne <\/i><\/span><\/span><span style=\"font-family: Tahoma, sans-serif;\"><span style=\"font-size: small;\">o\u00f9 chacun est pris en consid\u00e9ration dans sa propre demande et en fonction de ses propres objectifs. Le chemin de l&rsquo;\u00e9panouissement personnel peut ainsi conduire d&rsquo;une d\u00e9marche purement \u00ab\u00a0th\u00e9rapeutique\u00a0\u00bb \u00e0 un parcours initiatique sur la voie du Tantra.<\/span><\/span><\/p>\n<p><span style=\"font-family: Tahoma, sans-serif;\"><span style=\"font-size: small;\"><img decoding=\"async\" loading=\"lazy\" class=\" wp-image-371 alignright\" src=\"http:\/\/yoga-alegria.fr\/wp-content\/uploads\/2015\/12\/IMG_9202-1024x768.jpg\" alt=\"IMG_9202\" width=\"305\" height=\"228\" srcset=\"https:\/\/yoga-alegria.fr\/wp-content\/uploads\/2015\/12\/IMG_9202-1024x768.jpg 1024w, https:\/\/yoga-alegria.fr\/wp-content\/uploads\/2015\/12\/IMG_9202-300x225.jpg 300w, https:\/\/yoga-alegria.fr\/wp-content\/uploads\/2015\/12\/IMG_9202-768x576.jpg 768w, https:\/\/yoga-alegria.fr\/wp-content\/uploads\/2015\/12\/IMG_9202-135x100.jpg 135w\" sizes=\"(max-width: 305px) 100vw, 305px\" \/> <\/span><\/span><\/p>\n<p align=\"JUSTIFY\"><span style=\"font-family: Tahoma, sans-serif;\"><span style=\"font-size: small;\">Cette \u00e9cole, <b>non dogmatique et non sectaire <\/b>est un laboratoire, o\u00f9 autour d&rsquo;une pratique, la sadhana du Kundalini Yoga, continue de s&rsquo;\u00e9laborer la \u00ab\u00a0science de l&rsquo;\u00e9nergie\u00a0\u00bb et ses<br \/>\napplications dans le d\u00e9veloppement du potentiel humain. Ouverte \u00e0 toutes les approches modernes issues de la psychologie humaniste et transpersonnelle, elle int\u00e8gre, dans son enseignement et dans sa <span style=\"color: #000000;\">pratique, tout ce qui peut aider au d\u00e9velopp<\/span>ement personnel de l&rsquo;\u00eatre humain, physique, psychologique et spirituel aussi bien dans les traditions anciennes (Yoga, Tantra, Zen, Tao, Chamanisme, astrologie) que dans les diff\u00e9rentes m\u00e9thodes issues des r\u00e9cents d\u00e9veloppements de la psychologie contemporaine : PNL, kin\u00e9siologie, rebirth, EMDR, respiration holotropique, th\u00e9rapie \u00e9motionnelle, r\u00e9gressions, massages etc&#8230;<\/span><\/span><\/p>\n<p align=\"JUSTIFY\"><span style=\"font-family: Tahoma, sans-serif;\"><span style=\"font-size: small;\">Elle int\u00e8gre \u00e9galement les donn\u00e9es essentielles de la psychanalyse et s&rsquo;int\u00e9resse \u00e0 tous les r\u00e9cents d\u00e9veloppements de la \u00ab\u00a0psychologie des profondeurs\u00a0\u00bb comme la psycho-g\u00e9n\u00e9alogie.<\/span><\/span><\/p>\n<p align=\"JUSTIFY\"><span style=\"font-family: Tahoma, sans-serif;\"><span style=\"font-size: small;\">L&rsquo;\u00c9cole du Tantra propose, tout au long de l&rsquo;ann\u00e9e et dans diverses r\u00e9gions de France des stages\u00a0\u00bb<a href=\"http:\/\/www.ecoledutantra.fr\/tantra_rencontre.htm\">Tantra-rencontre<\/a>\u00a0\u00bb (d\u00e9veloppement personnel) et des stages de <a href=\"http:\/\/www.ecoledutantra.fr\/kundalini_yoga.htm\">Kundalini-Yoga<\/a> (pratique et enseignements).<\/span><\/span><\/p>\n<p align=\"JUSTIFY\"><span style=\"font-family: Tahoma, sans-serif;\"><span style=\"font-size: small;\"><img decoding=\"async\" loading=\"lazy\" class=\"wp-image-375 alignright\" src=\"http:\/\/yoga-alegria.fr\/wp-content\/uploads\/2015\/12\/ecole-tantra-1024x650.jpg\" alt=\"ecole tantra\" width=\"331\" height=\"210\" srcset=\"https:\/\/yoga-alegria.fr\/wp-content\/uploads\/2015\/12\/ecole-tantra-1024x650.jpg 1024w, https:\/\/yoga-alegria.fr\/wp-content\/uploads\/2015\/12\/ecole-tantra-300x190.jpg 300w, https:\/\/yoga-alegria.fr\/wp-content\/uploads\/2015\/12\/ecole-tantra-768x487.jpg 768w\" sizes=\"(max-width: 331px) 100vw, 331px\" \/><\/span><\/span><\/p>\n<ul>\n<li>\n<p align=\"JUSTIFY\"><span style=\"font-family: Tahoma, sans-serif;\"><span style=\"font-size: small;\">Elle forme des professeurs de <a href=\"http:\/\/www.ecoledutantra.fr\/kundalini_yoga.htm\">Kundalini-Yoga<\/a> qui, r\u00e9unis au sein de la <a href=\"http:\/\/www.ecoledutantra.fr\/federation_tky.htm\">f\u00e9d\u00e9ration Tantra &#8211; Kundalini &#8211; Yoga<\/a>, donnent des cours dans de nombreuses villes de France.<\/span><\/span><\/p>\n<\/li>\n<li>\n<p align=\"JUSTIFY\"><span style=\"font-family: Tahoma, sans-serif;\"><span style=\"font-size: small;\">L&rsquo;\u00c9cole propose aussi une formation \u00e0 la relation d&rsquo;aide qui peut ensuite d\u00e9boucher sur l&rsquo;animation de groupes et\/ou sur une pratique de th\u00e9rapie holistique, mais int\u00e9resse aussi tous les professionnels concern\u00e9s par ce sujet (infirmi\u00e8res, enseignants, travailleurs sociaux, psychoth\u00e9rapeutes etc&#8230;).<\/span><\/span><\/p>\n<\/li>\n<\/ul>\n<p style=\"text-align: justify;\" align=\"JUSTIFY\"><span style=\"font-family: Tahoma, sans-serif;\"><span style=\"font-size: small;\">Son si\u00e8ge se situe au Ch\u00e2teau Laroque, dans le sud-ouest \u00e0 50 Kms \u00e0 l&rsquo;est de Bordeaux, pr\u00e8s de la Dordogne. Dans ce lieu souvent qualifi\u00e9 de \u00ab\u00a0magique\u00a0\u00bb se d\u00e9roulent tout au long de l&rsquo;ann\u00e9e stages, f\u00eates et expositions o\u00f9 l&rsquo;on peut retrouver \u00ab\u00a0l&rsquo;esprit du Tantra\u00a0\u00bb qui nous montre le chemin de la r\u00e9conciliation entre Conscience et \u00c9nergie, masculin et f\u00e9minin, sexualit\u00e9 et spiritualit\u00e9, profane et sacr\u00e9.<\/span><\/span><\/p>\n","protected":false},"excerpt":{"rendered":"<p>Autour de la transmission du Kundalini-yoga et de l&rsquo;enseignement tantrique qui lui est li\u00e9, Jean-Jacques RIGOU, directeur fondateur, et son \u00e9quipe (enseignants de yoga, animateurs de groupes, th\u00e9rapeutes hollistiques), ont d\u00e9velopp\u00e9 depuis plus de 15 ans l&rsquo;\u00c9cole du Tantra, qui se veut avant tout un espace de d\u00e9veloppement de la personne o\u00f9 chacun est pris [&hellip;]<\/p>\n","protected":false},"author":1,"featured_media":0,"parent":0,"menu_order":0,"comment_status":"closed","ping_status":"closed","template":"","meta":[],"_links":{"self":[{"href":"https:\/\/yoga-alegria.fr\/index.php\/wp-json\/wp\/v2\/pages\/37"}],"collection":[{"href":"https:\/\/yoga-alegria.fr\/index.php\/wp-json\/wp\/v2\/pages"}],"about":[{"href":"https:\/\/yoga-alegria.fr\/index.php\/wp-json\/wp\/v2\/types\/page"}],"author":[{"embeddable":true,"href":"https:\/\/yoga-alegria.fr\/index.php\/wp-json\/wp\/v2\/users\/1"}],"replies":[{"embeddable":true,"href":"https:\/\/yoga-alegria.fr\/index.php\/wp-json\/wp\/v2\/comments?post=37"}],"version-history":[{"count":10,"href":"https:\/\/yoga-alegria.fr\/index.php\/wp-json\/wp\/v2\/pages\/37\/revisions"}],"predecessor-version":[{"id":572,"href":"https:\/\/yoga-alegria.fr\/index.php\/wp-json\/wp\/v2\/pages\/37\/revisions\/572"}],"wp:attachment":[{"href":"https:\/\/yoga-alegria.fr\/index.php\/wp-json\/wp\/v2\/media?parent=37"}],"curies":[{"name":"wp","href":"https:\/\/api.w.org\/{rel}","templated":true}]}}