{"id":353,"date":"2016-01-20T13:07:45","date_gmt":"2016-01-20T13:07:45","guid":{"rendered":"http:\/\/yoga-alegria.fr\/?page_id=353"},"modified":"2025-08-10T10:45:28","modified_gmt":"2025-08-10T09:45:28","slug":"le-programme","status":"publish","type":"page","link":"https:\/\/yoga-alegria.fr\/index.php\/les-cours-de-yoga\/le-programme\/","title":{"rendered":"Le programme"},"content":{"rendered":"<h2><strong>Les cours reprendront \u00e0 la rentr\u00e9e\u00a0<em> la semaine du 22 au 26 Septembre 2025\u00a0<\/em> .<\/strong><\/h2>\n<h3><strong>Nous allierons cette ann\u00e9e 2025\/2026 encore, des cours physiques (ou plut\u00f4t pr\u00e9sentiels) dans notre salle au 10, Rue Victor Boner \u00e0 Rennes, et des sadhana \u00ab\u00a0en distanciel\u00a0\u00bb, par Zoom.<\/strong><\/h3>\n<h2><strong><em>Les cours physiques <\/em>auront lieu <\/strong><strong>\u00e0 Rennes,\u00a0 <\/strong><strong>les <\/strong><strong>Mardi \u00e0 12H30, et 18H30;\u00a0 <\/strong><strong>Mercredi 18H30\u00a0 et\u00a0 Jeudi 19H<\/strong><strong><br \/>\n<\/strong><\/h2>\n<h3><em>\u00a0&#8211;\u00a0 <\/em><strong><em>Les sadhana, <\/em><\/strong><strong>pratique au lever du jour, <\/strong><strong><em>\u00ab\u00a0en distanciel \u00bb\u00a0 par Zoom, en live<\/em>, sont maintenus. Ils auront lieu: <em>les <\/em><em>mardis et vendredis \u00e0 6H30, \u00e0 partir du 16 Septembre 2025<\/em><em>.\u00a0 <\/em><br \/>\n<\/strong><\/h3>\n<h3><strong><em>Tous les inscrits \u00e0 ces sadhanas,\u00a0 recevront auparavant, un lien internet \u00e0 cliquer pour rejoindre la s\u00e9ance.<br \/>\n<\/em><\/strong><\/h3>\n<h2 align=\"JUSTIFY\"><strong>Les TARIFS:<\/strong><\/h2>\n<h4><strong>\u00a0<\/strong><\/h4>\n<h3><strong><em>Pour les cours en salle, en pr\u00e9sentiel:<\/em><\/strong><\/h3>\n<ul>\n<li>\n<h3><strong>Tarif normal :<br \/>\n&#8211;\u00a0 <em>UN cours par semaine<\/em>:\u00a0 280 \u20ac\/an, 180\u20ac pour le 2e membre de la m\u00eame famille ou couple.<br \/>\n&#8211;\u00a0 <em>DEUX cours par semaine<\/em>:\u00a0 420\u20ac\/an tarif normal,\u00a0 300\u20ac \u00e9tudiants et revenus modestes<\/strong><\/h3>\n<\/li>\n<li>\n<h3><strong>Revenus modestes, \u00e9tudiants&#8230; : 200 \u20ac\/an. \u00a0 <em>Paiement possible par le dispositif\u00a0 \u00ab\u00a0Sortir\u00a0\u00bb sur Rennes (nous consulter pour faire le dossier de prise en charge)<br \/>\n<\/em><\/strong><\/h3>\n<\/li>\n<li>\n<h3><strong>Payable en 3 ch\u00e8ques, par trimestre<\/strong><\/h3>\n<\/li>\n<li>\n<h3><strong>Pour ceux qui ne veulent s&rsquo;engager <em>que<\/em> sur un trimestre, le tarif est de 110\u20ac pour le trimestre en tarif normal, 80\u20ac pour les revenus modestes.<br \/>\n<\/strong><\/h3>\n<\/li>\n<li>\n<h3><strong>Les sadhana, sont une pratique de yoga, partag\u00e9e entre l&rsquo;enseignant et vous, et ne sont pas un cours (bien qu&rsquo;elles y ressemblent fort). Elles donnent lieu \u00e0 moins d&rsquo;explication et de guidance, et sont GRATUITES. R\u00e9serv\u00e9es aux \u00e9l\u00e8ves, elles ne sont donn\u00e9es que par Zoom<br \/>\n<\/strong><\/h3>\n<\/li>\n<li>\n<h3><strong>En plus, pour tous, adh\u00e9sion pour un an \u00e0 la F\u00e9d\u00e9ration Tantra Kundalini Yoga, (incluant l&rsquo;assurance obligatoire): 10\u20ac par personne (\u00e9tudiants: 8\u20ac)<\/strong><\/h3>\n<\/li>\n<li><strong><em>Dans tous les cas, si vous avez une difficult\u00e9 financi\u00e8re, venez nous en parler, nous trouverons une solution. Tous ces montants annuels sont payables en trois fois, encaiss\u00e9es en d\u00e9but de chaque trimestre.<\/em><\/strong><\/li>\n<\/ul>\n","protected":false},"excerpt":{"rendered":"<p>Les cours reprendront \u00e0 la rentr\u00e9e\u00a0 la semaine du 22 au 26 Septembre 2025\u00a0 . Nous allierons cette ann\u00e9e 2025\/2026 encore, des cours physiques (ou plut\u00f4t pr\u00e9sentiels) dans notre salle au 10, Rue Victor Boner \u00e0 Rennes, et des sadhana \u00ab\u00a0en distanciel\u00a0\u00bb, par Zoom. Les cours physiques auront lieu \u00e0 Rennes,\u00a0 les Mardi \u00e0 12H30, [&hellip;]<\/p>\n","protected":false},"author":1,"featured_media":0,"parent":6,"menu_order":0,"comment_status":"closed","ping_status":"closed","template":"","meta":[],"_links":{"self":[{"href":"https:\/\/yoga-alegria.fr\/index.php\/wp-json\/wp\/v2\/pages\/353"}],"collection":[{"href":"https:\/\/yoga-alegria.fr\/index.php\/wp-json\/wp\/v2\/pages"}],"about":[{"href":"https:\/\/yoga-alegria.fr\/index.php\/wp-json\/wp\/v2\/types\/page"}],"author":[{"embeddable":true,"href":"https:\/\/yoga-alegria.fr\/index.php\/wp-json\/wp\/v2\/users\/1"}],"replies":[{"embeddable":true,"href":"https:\/\/yoga-alegria.fr\/index.php\/wp-json\/wp\/v2\/comments?post=353"}],"version-history":[{"count":54,"href":"https:\/\/yoga-alegria.fr\/index.php\/wp-json\/wp\/v2\/pages\/353\/revisions"}],"predecessor-version":[{"id":1419,"href":"https:\/\/yoga-alegria.fr\/index.php\/wp-json\/wp\/v2\/pages\/353\/revisions\/1419"}],"up":[{"embeddable":true,"href":"https:\/\/yoga-alegria.fr\/index.php\/wp-json\/wp\/v2\/pages\/6"}],"wp:attachment":[{"href":"https:\/\/yoga-alegria.fr\/index.php\/wp-json\/wp\/v2\/media?parent=353"}],"curies":[{"name":"wp","href":"https:\/\/api.w.org\/{rel}","templated":true}]}}