{"id":34,"date":"2015-12-27T22:09:59","date_gmt":"2015-12-27T22:09:59","guid":{"rendered":"http:\/\/yoga-alegria.fr\/?page_id=34"},"modified":"2021-07-05T19:02:24","modified_gmt":"2021-07-05T18:02:24","slug":"microcosme","status":"publish","type":"page","link":"https:\/\/yoga-alegria.fr\/index.php\/microcosme\/","title":{"rendered":"Microcosme"},"content":{"rendered":"<p><span style=\"color: #000000;\"><span style=\"font-family: Tahoma, sans-serif;\"><span style=\"font-size: small;\">Association Loi 1901, dont le si\u00e8ge social est au\u00a0:<\/span><\/span><\/span><\/p>\n<p><span style=\"color: #000000;\"><span style=\"font-family: Tahoma, sans-serif;\"><span style=\"font-size: small;\">10, rue Victor Boner \u00a0\u00a0<\/span><\/span><span style=\"font-family: Tahoma, sans-serif;\"><span style=\"font-size: small;\">35000 Rennes<img decoding=\"async\" loading=\"lazy\" class=\"wp-image-363 alignright\" src=\"http:\/\/yoga-alegria.fr\/wp-content\/uploads\/2015\/12\/DSC05012-1-768x1024.jpg\" alt=\"DSC05012\" width=\"215\" height=\"286\" srcset=\"https:\/\/yoga-alegria.fr\/wp-content\/uploads\/2015\/12\/DSC05012-1-768x1024.jpg 768w, https:\/\/yoga-alegria.fr\/wp-content\/uploads\/2015\/12\/DSC05012-1-225x300.jpg 225w, https:\/\/yoga-alegria.fr\/wp-content\/uploads\/2015\/12\/DSC05012-1.jpg 1536w\" sizes=\"(max-width: 215px) 100vw, 215px\" \/><br \/>\n<\/span><\/span><\/span><\/p>\n<ul>\n<li><span style=\"font-family: Tahoma, sans-serif; color: #000000;\"><span style=\"font-size: small;\">Date de d\u00e9claration Pr\u00e9fecture : le 13 07 2006 <\/span><\/span><\/li>\n<li><span style=\"font-family: Tahoma, sans-serif; color: #000000;\"><span style=\"font-size: small;\">Parution au Journal Officiel : le 05 08 2006<\/span><\/span><\/li>\n<li><span style=\"font-family: Tahoma, sans-serif; color: #000000;\"><span style=\"font-size: small;\">R\u00e9c\u00e9piss\u00e9 de d\u00e9claration de cr\u00e9ation de l&rsquo;association n\u00b0 W353001835<\/span><\/span><\/li>\n<\/ul>\n<p><span style=\"font-family: Tahoma, sans-serif; color: #000000;\"><span style=\"font-size: small;\">Cr\u00e9\u00e9e en 2006, cette association donne un cadre <\/span><\/span><span style=\"font-family: Tahoma, sans-serif; color: #000000;\"><span style=\"font-size: small;\">\u00e0 notre activit\u00e9 de professeurs de yoga et \u00e0 l&rsquo;organisation de stages. <\/span><\/span><\/p>\n<p><span style=\"font-family: Tahoma, sans-serif; color: #000000;\"><span style=\"font-size: small;\">Elle propose cours de yoga \u00e0 Rennes (voir Lieu &amp; horaires ci-contre) et la <a href=\"http:\/\/yoga-alegria.fr\/index.php\/notre-lieu-2\/\">Chapelle Chauss\u00e9e<\/a> et stages de 1 \u00e0 4 jours, le plus souvent dans notre lieu \u00e0 la <a href=\"http:\/\/yoga-alegria.fr\/index.php\/notre-lieu-2\/\">Chapelle Chauss\u00e9e<\/a>.<\/span><\/span><\/p>\n<p>&nbsp;<\/p>\n<p><img decoding=\"async\" loading=\"lazy\" class=\"wp-image-364 aligncenter\" src=\"http:\/\/yoga-alegria.fr\/wp-content\/uploads\/2015\/12\/stage-4-elmts-4-1024x683.jpg\" alt=\"stage 4 elmts 4\" width=\"907\" height=\"605\" srcset=\"https:\/\/yoga-alegria.fr\/wp-content\/uploads\/2015\/12\/stage-4-elmts-4-1024x683.jpg 1024w, https:\/\/yoga-alegria.fr\/wp-content\/uploads\/2015\/12\/stage-4-elmts-4-300x200.jpg 300w, https:\/\/yoga-alegria.fr\/wp-content\/uploads\/2015\/12\/stage-4-elmts-4-768x512.jpg 768w\" sizes=\"(max-width: 907px) 100vw, 907px\" \/><\/p>\n","protected":false},"excerpt":{"rendered":"<p>Association Loi 1901, dont le si\u00e8ge social est au\u00a0: 10, rue Victor Boner \u00a0\u00a035000 Rennes Date de d\u00e9claration Pr\u00e9fecture : le 13 07 2006 Parution au Journal Officiel : le 05 08 2006 R\u00e9c\u00e9piss\u00e9 de d\u00e9claration de cr\u00e9ation de l&rsquo;association n\u00b0 W353001835 Cr\u00e9\u00e9e en 2006, cette association donne un cadre \u00e0 notre activit\u00e9 de professeurs [&hellip;]<\/p>\n","protected":false},"author":1,"featured_media":0,"parent":0,"menu_order":0,"comment_status":"closed","ping_status":"closed","template":"","meta":[],"_links":{"self":[{"href":"https:\/\/yoga-alegria.fr\/index.php\/wp-json\/wp\/v2\/pages\/34"}],"collection":[{"href":"https:\/\/yoga-alegria.fr\/index.php\/wp-json\/wp\/v2\/pages"}],"about":[{"href":"https:\/\/yoga-alegria.fr\/index.php\/wp-json\/wp\/v2\/types\/page"}],"author":[{"embeddable":true,"href":"https:\/\/yoga-alegria.fr\/index.php\/wp-json\/wp\/v2\/users\/1"}],"replies":[{"embeddable":true,"href":"https:\/\/yoga-alegria.fr\/index.php\/wp-json\/wp\/v2\/comments?post=34"}],"version-history":[{"count":11,"href":"https:\/\/yoga-alegria.fr\/index.php\/wp-json\/wp\/v2\/pages\/34\/revisions"}],"predecessor-version":[{"id":983,"href":"https:\/\/yoga-alegria.fr\/index.php\/wp-json\/wp\/v2\/pages\/34\/revisions\/983"}],"wp:attachment":[{"href":"https:\/\/yoga-alegria.fr\/index.php\/wp-json\/wp\/v2\/media?parent=34"}],"curies":[{"name":"wp","href":"https:\/\/api.w.org\/{rel}","templated":true}]}}