{"id":25,"date":"2015-12-27T21:08:42","date_gmt":"2015-12-27T21:08:42","guid":{"rendered":"http:\/\/yoga-alegria.fr\/?page_id=25"},"modified":"2025-07-29T21:11:49","modified_gmt":"2025-07-29T20:11:49","slug":"contactez-nous","status":"publish","type":"page","link":"https:\/\/yoga-alegria.fr\/index.php\/contactez-nous\/","title":{"rendered":"Contactez-nous"},"content":{"rendered":"<h3 align=\"JUSTIFY\"><strong><span style=\"color: #000000;\"><span style=\"font-family: Tahoma, sans-serif;\"><span style=\"font-size: small;\">Association Microcosme<img decoding=\"async\" loading=\"lazy\" class=\"wp-image-278  alignright\" src=\"http:\/\/yoga-alegria.fr\/wp-content\/uploads\/2015\/12\/paint-yoga-icon.png\" alt=\"\" width=\"373\" height=\"330\" srcset=\"https:\/\/yoga-alegria.fr\/wp-content\/uploads\/2015\/12\/paint-yoga-icon.png 342w, https:\/\/yoga-alegria.fr\/wp-content\/uploads\/2015\/12\/paint-yoga-icon-300x266.png 300w\" sizes=\"(max-width: 373px) 100vw, 373px\" \/> <\/span><\/span><\/span><\/strong><\/h3>\n<ul>\n<li><span style=\"color: #000000;\"><span style=\"color: #000000;\"><span style=\"font-family: Tahoma, sans-serif;\"><span style=\"font-size: small;\">Adresse : 10 , Rue Victor Boner &#8211; 35000 RENNES<\/span><\/span><\/span><\/span><\/li>\n<li><span style=\"color: #000000;\"><span style=\"font-family: Tahoma, sans-serif;\"><span style=\"font-size: small;\">Site internet:\u00a0 www.yoga-alegria.fr<\/span><\/span><\/span><\/li>\n<\/ul>\n<p align=\"JUSTIFY\"><span style=\"text-decoration: underline;\"><span style=\"color: #000000; text-decoration: underline;\"><span style=\"font-family: Tahoma, sans-serif;\"><span style=\"font-size: small;\"><span style=\"font-size: small;\">Claudie Daniel <\/span><\/span><\/span><\/span><\/span><\/p>\n<ul>\n<li><span style=\"color: #000000;\"><span style=\"font-family: Tahoma, sans-serif;\"><span style=\"font-size: small;\"><span style=\"font-size: small;\">T\u00e9l\u00e9phone : 06 11 46 04 22<\/span><\/span><\/span><\/span><\/li>\n<li><span style=\"color: #000000;\"><span style=\"font-family: Tahoma, sans-serif;\"><span style=\"font-size: small;\"><span style=\"font-size: small;\">Mail\u00a0: <a href=\"mailto:claudiegyan@gmail.com\">claudiegyan@gmail.com<\/a><\/span><\/span><\/span><\/span><\/li>\n<\/ul>\n<p align=\"JUSTIFY\"><span style=\"text-decoration: underline;\"><span style=\"color: #000000; text-decoration: underline;\"><span style=\"font-family: Tahoma, sans-serif;\"><span style=\"font-size: small;\"><span style=\"font-size: small;\">Jean Vicq <\/span><\/span><\/span><\/span><\/span><\/p>\n<ul>\n<li><span style=\"color: #000000;\"><span style=\"font-family: Tahoma, sans-serif;\"><span style=\"font-size: small;\"><span style=\"font-size: small;\">T\u00e9l\u00e9phone : 06 78 01 74 04<\/span><\/span><\/span><\/span><\/li>\n<li><span style=\"color: #000000;\"><span style=\"font-family: Tahoma, sans-serif;\"><span style=\"font-size: small;\"><span style=\"font-size: small;\">Mail\u00a0: <a href=\"mailto:jeanvicq@gmail.com\">jeanvicq@gmail.com<\/a><\/span><\/span><\/span><\/span><\/li>\n<\/ul>\n<p><span style=\"color: #000000;\">Informations l\u00e9gales :<\/span><\/p>\n<ul>\n<li><span style=\"font-family: Tahoma, sans-serif; color: #000000;\"><span style=\"font-size: small;\">Date de d\u00e9claration Pr\u00e9fecture : le 13\/07\/2006 <\/span><\/span><\/li>\n<li><span style=\"font-family: Tahoma, sans-serif; color: #000000;\"><span style=\"font-size: small;\">Parution au Journal Officiel : le 05\/08\/2006<\/span><\/span><\/li>\n<li><span style=\"font-family: Tahoma, sans-serif; color: #000000;\"><span style=\"font-size: small;\">R\u00e9c\u00e9piss\u00e9 de d\u00e9claration de cr\u00e9ation de l&rsquo;association n\u00b0 W353001835 \u00a0 <\/span><\/span><\/li>\n<li><span style=\"font-family: Tahoma, sans-serif; color: #000000;\"><span style=\"font-size: small;\">Directeurs de la publication : Claudie Daniel &amp; Jean Vicq \u00a0 <\/span><\/span><\/li>\n<li><span style=\"font-family: Tahoma, sans-serif; color: #000000;\"><span style=\"font-size: small;\">H\u00e9bergement du site : OVH<\/span><\/span><\/li>\n<\/ul>\n<p align=\"JUSTIFY\">\n","protected":false},"excerpt":{"rendered":"<p>Association Microcosme Adresse : 10 , Rue Victor Boner &#8211; 35000 RENNES Site internet:\u00a0 www.yoga-alegria.fr Claudie Daniel T\u00e9l\u00e9phone : 06 11 46 04 22 Mail\u00a0: claudiegyan@gmail.com Jean Vicq T\u00e9l\u00e9phone : 06 78 01 74 04 Mail\u00a0: jeanvicq@gmail.com Informations l\u00e9gales : Date de d\u00e9claration Pr\u00e9fecture : le 13\/07\/2006 Parution au Journal Officiel : le 05\/08\/2006 R\u00e9c\u00e9piss\u00e9 [&hellip;]<\/p>\n","protected":false},"author":1,"featured_media":0,"parent":0,"menu_order":0,"comment_status":"closed","ping_status":"closed","template":"","meta":[],"_links":{"self":[{"href":"https:\/\/yoga-alegria.fr\/index.php\/wp-json\/wp\/v2\/pages\/25"}],"collection":[{"href":"https:\/\/yoga-alegria.fr\/index.php\/wp-json\/wp\/v2\/pages"}],"about":[{"href":"https:\/\/yoga-alegria.fr\/index.php\/wp-json\/wp\/v2\/types\/page"}],"author":[{"embeddable":true,"href":"https:\/\/yoga-alegria.fr\/index.php\/wp-json\/wp\/v2\/users\/1"}],"replies":[{"embeddable":true,"href":"https:\/\/yoga-alegria.fr\/index.php\/wp-json\/wp\/v2\/comments?post=25"}],"version-history":[{"count":14,"href":"https:\/\/yoga-alegria.fr\/index.php\/wp-json\/wp\/v2\/pages\/25\/revisions"}],"predecessor-version":[{"id":1408,"href":"https:\/\/yoga-alegria.fr\/index.php\/wp-json\/wp\/v2\/pages\/25\/revisions\/1408"}],"wp:attachment":[{"href":"https:\/\/yoga-alegria.fr\/index.php\/wp-json\/wp\/v2\/media?parent=25"}],"curies":[{"name":"wp","href":"https:\/\/api.w.org\/{rel}","templated":true}]}}