{"id":1169,"date":"2023-09-03T13:35:21","date_gmt":"2023-09-03T12:35:21","guid":{"rendered":"https:\/\/yoga-alegria.fr\/?page_id=1169"},"modified":"2025-11-05T18:26:35","modified_gmt":"2025-11-05T17:26:35","slug":"tarifs","status":"publish","type":"page","link":"https:\/\/yoga-alegria.fr\/index.php\/les-cours-de-yoga\/tarifs\/","title":{"rendered":"Tarifs"},"content":{"rendered":"\n<h2><\/h2>\n\n\n\n<h3><strong><em>Pour les cours en salle, en pr\u00e9sentiel:<\/em><\/strong><\/h3>\n\n\n\n<ul>\n<li><strong>Tarif normal :<br>\u2013\u00a0 <em>UN cours par semaine<\/em>:\u00a0 305 \u20ac\/an, 215\u20ac pour le 2e membre de la m\u00eame famille ou couple.<br>\u2013\u00a0 <em>DEUX cours par semaine<\/em>:\u00a0 450\u20ac\/an tarif normal,\u00a0 320\u20ac pour le 2e membre de la m\u00eame famille ou couple<\/strong><\/li>\n\n\n\n<li><strong>Revenus modestes, \u00e9tudiants\u2026 : 250 \u20ac\/an  pour un cours,  350\u20ac pour 2 cours. \u00a0 <em>Paiement possible par le dispositif\u00a0 \u00ab\u00a0Sortir\u00a0\u00bb sur Rennes (nous consulter pour faire le dossier de prise en charge)<br><\/em><\/strong><\/li>\n\n\n\n<li><strong>Payable en 3 ch\u00e8ques, par trimestre<\/strong><\/li>\n\n\n\n<li><strong>Pour ceux qui ne veulent s\u2019engager <em>que<\/em> sur un trimestre, le tarif est de 110\u20ac pour le trimestre en tarif normal, 90\u20ac pour les revenus modestes.<br><\/strong>Si on est amen\u00e9 \u00e0 prendre des cours individuels, dans des cas particuliers, le tarif est : 15\u20ac\/h<strong> <\/strong><\/li>\n\n\n\n<li><strong>Les sadhana, sont une pratique de yoga, partag\u00e9e entre l\u2019enseignant et vous, et ne sont pas un cours (bien qu\u2019elles y ressemblent fort). Elles donnent lieu \u00e0 moins d\u2019explication et de guidance, et sont GRATUITES. R\u00e9serv\u00e9es aux \u00e9l\u00e8ves, elles ne sont donn\u00e9es que par Zoom<br><\/strong><\/li>\n\n\n\n<li><strong>En plus, pour tous, adh\u00e9sion pour un an \u00e0 la F\u00e9d\u00e9ration Tantra Kundalini Yoga, (incluant l\u2019assurance obligatoire): 10\u20ac par personne (\u00e9tudiants: 8\u20ac)<\/strong><\/li>\n\n\n\n<li><strong><em>Dans tous les cas, si vous avez une difficult\u00e9 financi\u00e8re, venez nous en parler, nous trouverons une solution. Tous ces montants annuels sont payables en trois fois, encaiss\u00e9es en d\u00e9but de chaque trimestre.<\/em><\/strong><\/li>\n<\/ul>\n\n\n\n<p>Nous vous invitons \u00e0 choisir l&rsquo;inscription \u00e0 l&rsquo;ann\u00e9e, seule garante d&rsquo;une vraie \u00e9volution personnelle par la pratique du kundalini yoga. Dans ce cas, pour un cours semaine et pour les adultes, vous devrez 305 + 10\u20ac, soit 315\u20ac. Le plus simple est alors de nous faire <strong><em>3 ch\u00e8ques de 105\u20ac<\/em><\/strong> que nous encaisserons au d\u00e9but de chaque trimestre.<\/p>\n","protected":false},"excerpt":{"rendered":"<p>Pour les cours en salle, en pr\u00e9sentiel: Nous vous invitons \u00e0 choisir l&rsquo;inscription \u00e0 l&rsquo;ann\u00e9e, seule garante d&rsquo;une vraie \u00e9volution personnelle par la pratique du kundalini yoga. Dans ce cas, pour un cours semaine et pour les adultes, vous devrez 305 + 10\u20ac, soit 315\u20ac. Le plus simple est alors de nous faire 3 ch\u00e8ques [&hellip;]<\/p>\n","protected":false},"author":1,"featured_media":0,"parent":6,"menu_order":0,"comment_status":"closed","ping_status":"closed","template":"","meta":[],"_links":{"self":[{"href":"https:\/\/yoga-alegria.fr\/index.php\/wp-json\/wp\/v2\/pages\/1169"}],"collection":[{"href":"https:\/\/yoga-alegria.fr\/index.php\/wp-json\/wp\/v2\/pages"}],"about":[{"href":"https:\/\/yoga-alegria.fr\/index.php\/wp-json\/wp\/v2\/types\/page"}],"author":[{"embeddable":true,"href":"https:\/\/yoga-alegria.fr\/index.php\/wp-json\/wp\/v2\/users\/1"}],"replies":[{"embeddable":true,"href":"https:\/\/yoga-alegria.fr\/index.php\/wp-json\/wp\/v2\/comments?post=1169"}],"version-history":[{"count":7,"href":"https:\/\/yoga-alegria.fr\/index.php\/wp-json\/wp\/v2\/pages\/1169\/revisions"}],"predecessor-version":[{"id":1422,"href":"https:\/\/yoga-alegria.fr\/index.php\/wp-json\/wp\/v2\/pages\/1169\/revisions\/1422"}],"up":[{"embeddable":true,"href":"https:\/\/yoga-alegria.fr\/index.php\/wp-json\/wp\/v2\/pages\/6"}],"wp:attachment":[{"href":"https:\/\/yoga-alegria.fr\/index.php\/wp-json\/wp\/v2\/media?parent=1169"}],"curies":[{"name":"wp","href":"https:\/\/api.w.org\/{rel}","templated":true}]}}