{"id":113,"date":"2015-12-28T11:24:38","date_gmt":"2015-12-28T11:24:38","guid":{"rendered":"http:\/\/yoga-alegria.fr\/?page_id=113"},"modified":"2016-03-29T13:10:04","modified_gmt":"2016-03-29T12:10:04","slug":"les-seances-individuelles","status":"publish","type":"page","link":"https:\/\/yoga-alegria.fr\/index.php\/laccompagnement\/les-seances-individuelles\/","title":{"rendered":"Les s\u00e9ances individuelles"},"content":{"rendered":"<p><span style=\"font-family: Tahoma, sans-serif;\"><span style=\"font-size: small;\">L&rsquo;accompagnement individuel pratique essentiellement sous la forme de s\u00e9ances o\u00f9 tous les outils de la th\u00e9rapie holistique peuvent \u00eatre utilis\u00e9s selon ce qui \u00e9merge au cours des \u00e9changes. Une session th\u00e9rapeutique commence toujours par l&rsquo;expression des probl\u00e9matiques rencontr\u00e9es, mais surtout d&rsquo;un objectif personnel, qui servira de boussole dans l&rsquo;orientation de la th\u00e9rapie, et de r\u00e9f\u00e9rence pour \u00e9valuer les r\u00e9sultats atteints, \u00e0 mesure de l&rsquo;avancement.<\/span><\/span><\/p>\n<p><span style=\"font-family: Tahoma, sans-serif;\"><span style=\"font-size: small;\">Notre objectif est d&rsquo;aider chacun \u00e0 donner du sens \u00e0 son v\u00e9cu et ses fonctionnements par l&rsquo;analyse et la compr\u00e9hension de son histoire, \u00e0 lib\u00e9rer l&rsquo;\u00e9nergie bloqu\u00e9e et les \u00e9motions engramm\u00e9es dans la m\u00e9moire du corps ainsi que les croyances limitatives d\u00e9velopp\u00e9es, afin de se reconnecter \u00e0 la source de vie en soi, vivre sa v\u00e9rit\u00e9 quelle qu&rsquo;elle soit et incarner sa nature profonde, son essence avec confiance et cr\u00e9ativit\u00e9.<\/span><\/span><\/p>\n<p><img decoding=\"async\" loading=\"lazy\" class=\" wp-image-480 aligncenter\" src=\"http:\/\/yoga-alegria.fr\/wp-content\/uploads\/2015\/12\/DSC03472papillon-zinia-1-1024x895.jpg\" alt=\"\" width=\"561\" height=\"491\" srcset=\"https:\/\/yoga-alegria.fr\/wp-content\/uploads\/2015\/12\/DSC03472papillon-zinia-1-1024x895.jpg 1024w, https:\/\/yoga-alegria.fr\/wp-content\/uploads\/2015\/12\/DSC03472papillon-zinia-1-300x262.jpg 300w, https:\/\/yoga-alegria.fr\/wp-content\/uploads\/2015\/12\/DSC03472papillon-zinia-1-768x671.jpg 768w, https:\/\/yoga-alegria.fr\/wp-content\/uploads\/2015\/12\/DSC03472papillon-zinia-1.jpg 1262w\" sizes=\"(max-width: 561px) 100vw, 561px\" \/><\/p>\n","protected":false},"excerpt":{"rendered":"<p>L&rsquo;accompagnement individuel pratique essentiellement sous la forme de s\u00e9ances o\u00f9 tous les outils de la th\u00e9rapie holistique peuvent \u00eatre utilis\u00e9s selon ce qui \u00e9merge au cours des \u00e9changes. Une session th\u00e9rapeutique commence toujours par l&rsquo;expression des probl\u00e9matiques rencontr\u00e9es, mais surtout d&rsquo;un objectif personnel, qui servira de boussole dans l&rsquo;orientation de la th\u00e9rapie, et de r\u00e9f\u00e9rence [&hellip;]<\/p>\n","protected":false},"author":1,"featured_media":0,"parent":15,"menu_order":0,"comment_status":"closed","ping_status":"closed","template":"","meta":[],"_links":{"self":[{"href":"https:\/\/yoga-alegria.fr\/index.php\/wp-json\/wp\/v2\/pages\/113"}],"collection":[{"href":"https:\/\/yoga-alegria.fr\/index.php\/wp-json\/wp\/v2\/pages"}],"about":[{"href":"https:\/\/yoga-alegria.fr\/index.php\/wp-json\/wp\/v2\/types\/page"}],"author":[{"embeddable":true,"href":"https:\/\/yoga-alegria.fr\/index.php\/wp-json\/wp\/v2\/users\/1"}],"replies":[{"embeddable":true,"href":"https:\/\/yoga-alegria.fr\/index.php\/wp-json\/wp\/v2\/comments?post=113"}],"version-history":[{"count":6,"href":"https:\/\/yoga-alegria.fr\/index.php\/wp-json\/wp\/v2\/pages\/113\/revisions"}],"predecessor-version":[{"id":545,"href":"https:\/\/yoga-alegria.fr\/index.php\/wp-json\/wp\/v2\/pages\/113\/revisions\/545"}],"up":[{"embeddable":true,"href":"https:\/\/yoga-alegria.fr\/index.php\/wp-json\/wp\/v2\/pages\/15"}],"wp:attachment":[{"href":"https:\/\/yoga-alegria.fr\/index.php\/wp-json\/wp\/v2\/media?parent=113"}],"curies":[{"name":"wp","href":"https:\/\/api.w.org\/{rel}","templated":true}]}}