{"id":110,"date":"2015-12-28T09:55:33","date_gmt":"2015-12-28T09:55:33","guid":{"rendered":"http:\/\/yoga-alegria.fr\/?page_id=110"},"modified":"2016-05-10T09:49:39","modified_gmt":"2016-05-10T08:49:39","slug":"la-therapie-holistique","status":"publish","type":"page","link":"https:\/\/yoga-alegria.fr\/index.php\/laccompagnement\/la-therapie-holistique\/","title":{"rendered":"La Th\u00e9rapie Holistique"},"content":{"rendered":"<p style=\"text-align: justify;\"><span style=\"font-size: 10pt; font-family: Tahoma, sans-serif; color: #000000;\">Dans la th\u00e9rapie holistique tantrique, toutes les dimensions de l&rsquo;\u00eatre sont prises en compte et les souffrances sont vues comme autant de blocages \u00e0 la circulation harmonieuse de\u00a0l&rsquo;\u00e9nergie en nous.\u00a0\u00a0<\/span><\/p>\n<p style=\"text-align: justify;\"><span style=\"font-size: 10pt; font-family: Tahoma, sans-serif; color: #000000;\">Les outils utilis\u00e9s pour vous accompagner sont issus de la tradition tantrique (yoga, m\u00e9ditation, approche chamanique, travail sur l&rsquo;\u00e9nergie des chakras, &#8230;) et int\u00e9grent les apports de la psychologie et de la psychoth\u00e9rapie contemporaines (psychanalyse, gestalt, bio\u00e9nergie, rebirth, EMDR, regression, &#8230;)\u00a0. Notre approche s&rsquo;inscrit clairement dans la lign\u00e9e de la psychologie transpersonnelle ( Grof, Maslow, Assagioli&#8230;).<img decoding=\"async\" loading=\"lazy\" class=\"wp-image-475 alignright\" src=\"http:\/\/yoga-alegria.fr\/wp-content\/uploads\/2015\/12\/PICT3392-768x1024.jpg\" alt=\"\" width=\"316\" height=\"421\" srcset=\"https:\/\/yoga-alegria.fr\/wp-content\/uploads\/2015\/12\/PICT3392-768x1024.jpg 768w, https:\/\/yoga-alegria.fr\/wp-content\/uploads\/2015\/12\/PICT3392-225x300.jpg 225w, https:\/\/yoga-alegria.fr\/wp-content\/uploads\/2015\/12\/PICT3392.jpg 1704w\" sizes=\"(max-width: 316px) 100vw, 316px\" \/><\/span><\/p>\n<p style=\"text-align: justify;\"><span style=\"font-size: 10pt; font-family: Tahoma, sans-serif; color: #000000;\">De l&rsquo;ombre vers la lumi\u00e8re, de l&rsquo;inconscient \u00e0 la conscience, le but est de gu\u00e9rir les blessures du coeur et se lib\u00e9rer de ses peurs, du jugement int\u00e9rieur, du non-agir pour retrouver l&rsquo;amour pour soi, pour les autres, pour la vie &#8230; et se sentir pleinement vivant, acteur de sa propre vie. Un des objectifs sera de ne plus se percevoir comme victime potentielle, mais bien au contraire <strong><span style=\"font-family: 'Tahoma','sans-serif';\">retrouver l&rsquo;estime de soi,<\/span><\/strong> la compr\u00e9hension de ses propres m\u00e9canismes et donc se r\u00e9approprier sa puissance. <\/span><span style=\"font-size: 10pt; font-family: Tahoma, sans-serif; color: #000000;\">Oser \u00eatre vrai. Joyeusement vrai !<br \/>\n<\/span><\/p>\n<p style=\"text-align: justify;\"><span style=\"font-size: 10pt; font-family: Tahoma, sans-serif; color: #000000;\">Nous avons, au d\u00e9part, un certain niveau de conscience qui conditionne nos certitudes, nos aspirations, nos jugements, nos id\u00e9es, nos habitudes, etc&#8230; Ce niveau de conscience peut s&rsquo;\u00e9largir, c&rsquo;est le sens \u00e9tymologique du mot Tantra. Notre conscience doit pouvoir se dilater jusqu&rsquo;\u00e0 \u00eatre capable de vivre chaque moment de la vie dans toute sa pl\u00e9nitude, en toute harmonie, compl\u00e8tement immerg\u00e9e dans le <b>ici<\/b> et <b>maintenant<\/b>, sans pr\u00e9jug\u00e9s, sans projections personnelles.<\/span><\/p>\n<p style=\"text-align: justify;\"><span style=\"font-size: 10pt; font-family: Tahoma, sans-serif; color: #000000;\">A partir du moment o\u00f9 on entre sur la voie du Tantra, toutes les situations que nous vivons, toutes les exp\u00e9riences que nous faisons, physiquement, psychologiquement, sont l\u00e0 pour accro\u00eetre notre conscience par del\u00e0 les limitations de l&rsquo;ego et de ses v\u00e9rit\u00e9s pr\u00e9fabriqu\u00e9es. Plus nous vivons pleinement ces situations (en nous y engageant totalement) et plus nous devenons conscients <\/span><span style=\"color: #000000;\"><span style=\"font-size: 10pt; font-family: Tahoma, sans-serif;\">de <\/span><span style=\"font-size: 10pt; font-family: Tahoma, sans-serif;\">ce qui Est, de la <\/span><span style=\"font-size: 10pt; font-family: Tahoma, sans-serif;\">V\u00e9rit\u00e9<\/span><\/span><span style=\"font-size: 10pt; font-family: Tahoma, sans-serif; color: #000000;\">.<b> <\/b>Chaque exp\u00e9rience v\u00e9cue consciemment dans cette dimension contribue \u00e0 r\u00e9animer la flamme int\u00e9rieure qui guide notre chemin.<\/span><\/p>\n<p style=\"text-align: justify;\"><span style=\"font-size: 10pt; font-family: Tahoma, sans-serif; color: #000000;\"><img decoding=\"async\" loading=\"lazy\" class=\"wp-image-472 aligncenter\" src=\"http:\/\/yoga-alegria.fr\/wp-content\/uploads\/2015\/12\/stage-4-elmts-4-1-1024x683.jpg\" alt=\"\" width=\"429\" height=\"286\" srcset=\"https:\/\/yoga-alegria.fr\/wp-content\/uploads\/2015\/12\/stage-4-elmts-4-1-1024x683.jpg 1024w, https:\/\/yoga-alegria.fr\/wp-content\/uploads\/2015\/12\/stage-4-elmts-4-1-300x200.jpg 300w, https:\/\/yoga-alegria.fr\/wp-content\/uploads\/2015\/12\/stage-4-elmts-4-1-768x512.jpg 768w\" sizes=\"(max-width: 429px) 100vw, 429px\" \/><\/span><\/p>\n<p><\/br><br \/>\n[player id=604]<\/p>\n","protected":false},"excerpt":{"rendered":"<p>Dans la th\u00e9rapie holistique tantrique, toutes les dimensions de l&rsquo;\u00eatre sont prises en compte et les souffrances sont vues comme autant de blocages \u00e0 la circulation harmonieuse de\u00a0l&rsquo;\u00e9nergie en nous.\u00a0\u00a0 Les outils utilis\u00e9s pour vous accompagner sont issus de la tradition tantrique (yoga, m\u00e9ditation, approche chamanique, travail sur l&rsquo;\u00e9nergie des chakras, &#8230;) et int\u00e9grent les [&hellip;]<\/p>\n","protected":false},"author":1,"featured_media":0,"parent":15,"menu_order":0,"comment_status":"closed","ping_status":"closed","template":"","meta":[],"_links":{"self":[{"href":"https:\/\/yoga-alegria.fr\/index.php\/wp-json\/wp\/v2\/pages\/110"}],"collection":[{"href":"https:\/\/yoga-alegria.fr\/index.php\/wp-json\/wp\/v2\/pages"}],"about":[{"href":"https:\/\/yoga-alegria.fr\/index.php\/wp-json\/wp\/v2\/types\/page"}],"author":[{"embeddable":true,"href":"https:\/\/yoga-alegria.fr\/index.php\/wp-json\/wp\/v2\/users\/1"}],"replies":[{"embeddable":true,"href":"https:\/\/yoga-alegria.fr\/index.php\/wp-json\/wp\/v2\/comments?post=110"}],"version-history":[{"count":16,"href":"https:\/\/yoga-alegria.fr\/index.php\/wp-json\/wp\/v2\/pages\/110\/revisions"}],"predecessor-version":[{"id":606,"href":"https:\/\/yoga-alegria.fr\/index.php\/wp-json\/wp\/v2\/pages\/110\/revisions\/606"}],"up":[{"embeddable":true,"href":"https:\/\/yoga-alegria.fr\/index.php\/wp-json\/wp\/v2\/pages\/15"}],"wp:attachment":[{"href":"https:\/\/yoga-alegria.fr\/index.php\/wp-json\/wp\/v2\/media?parent=110"}],"curies":[{"name":"wp","href":"https:\/\/api.w.org\/{rel}","templated":true}]}}