{"id":1031,"date":"2022-01-31T17:19:59","date_gmt":"2022-01-31T16:19:59","guid":{"rendered":"http:\/\/yoga-alegria.fr\/?page_id=1031"},"modified":"2025-03-17T16:43:33","modified_gmt":"2025-03-17T15:43:33","slug":"association-alchemilla-rosae","status":"publish","type":"page","link":"https:\/\/yoga-alegria.fr\/index.php\/association-alchemilla-rosae\/","title":{"rendered":"Association \u00ab\u00a0Alchemilla Rosae\u00a0\u00bb"},"content":{"rendered":"<p><img decoding=\"async\" loading=\"lazy\" class=\"size-medium wp-image-1035 alignleft\" src=\"http:\/\/yoga-alegria.fr\/wp-content\/uploads\/2022\/01\/image-Claire-188x300.jpg\" alt=\"\" width=\"188\" height=\"300\" srcset=\"https:\/\/yoga-alegria.fr\/wp-content\/uploads\/2022\/01\/image-Claire-188x300.jpg 188w, https:\/\/yoga-alegria.fr\/wp-content\/uploads\/2022\/01\/image-Claire.jpg 400w\" sizes=\"(max-width: 188px) 100vw, 188px\" \/><\/p>\n<p><strong>L&rsquo;enseignante: Claire Lavaur<br \/>\n<\/strong><\/p>\n<p style=\"padding-left: 40px;\">\u00ab\u00a0J\u2019ai rencontr\u00e9 le Yoga Kundalini comme on tombe amoureux-se : une impression de retrouvailles alors qu\u2019on se voit pour la premi\u00e8re fois, puis qui se go\u00fbte et se recontacte, \u00e9merveill\u00e9-e-s de se retrouver au r\u00e9veil tous les matins. C\u2019est la Kundalini, l\u2019\u00e9nergie de vie, cette cr\u00e9ativit\u00e9 infinie qui est venue me chercher.\u00a0Alli\u00e9 \u00e0 l\u2019accompagnement de th\u00e9rapie holistique propos\u00e9 \u00e0 l\u2019Ecole du Tantra, le chemin est alors \u00e9clair\u00e9 pour oser mes zones de nuit obscure pour y trouver la conscience de qui je suis, exp\u00e9rimenter la libert\u00e9 de recr\u00e9er ce qui est juste et savourer la paix de ce qui est. LIBERATION GUERISON\u00a0\u00bb<\/p>\n<p>Ing\u00e9nieure en agriculture, danseuse (danse classique, danse des 5 rythmes, life art), masseuse (Sensitive Gestalt Massage, Massage tantrique), coach sensible (Cr\u00e9ativit\u00e9 Nature et rituels, savoirs ancestraux des femmes), me voil\u00e0 form\u00e9e \u00e0 l\u2019Ecole du Tantra, enseignante de Yoga Kundalini et bient\u00f4t th\u00e9rapeute et tellement en gratitude de pouvoir transmettre et diffuser cette pratique \u00f4 combien adapt\u00e9e \u00e0 notre \u00e9poque tourment\u00e9e : <i>\u00ab\u00a0Les grands navires sont bien \u00e0 l\u2019abri dans les ports. Oui pour s\u00fbr\u00a0! Mais ce n\u2019est pas pour \u00e7a que les grands navires sont faits. Soyez rassur\u00e9-e-s, nous sommes pr\u00e9par\u00e9s pour vivre ces temps, notre charpente et notre coque sont b\u00e2ties pour \u00e9prouver la temp\u00eate.\u00a0\u00bb<\/i> Clarissa Pinkola Estes. Le Yoga Kundalini est une pr\u00e9paration d\u00e9finitivement pertinente, au service du mouvement de vie\u00a0!<\/p>\n<p><strong>\u00a0Alchemilla Rosae<br \/>\n<\/strong><\/p>\n<p style=\"padding-left: 40px;\">propose, en plus du <strong>Yoga Kundalini et du Tantra Yoga Danse<\/strong>, des activit\u00e9s vers une \u00e9cologie individuelle et collective pour retrouver la joie et l\u2019\u00e9nergie d\u2019agir \u00e0 partir du \u00ab pouvoir du dedans \u00bb : <strong>Massage soin \u00e9nerg\u00e9tique<\/strong>, <strong>Rituel Rebozo<\/strong> et autres rituels de passage, <strong>Coaching Sensible,<\/strong> <strong>Rituels des 4 saisons en famille&#8230;<\/strong><\/p>\n<p><strong>Programme:<\/strong><\/p>\n<ul>\n<li><em><strong>Sur Rennes :<\/strong><\/em> \u00a0 Matin\u00e9es de yoga et autres activit\u00e9s sur RDV<\/li>\n<li><strong><em>Sur Nozay, Jans, Derval<\/em> <\/strong>:\u00a0\u00a0 cours hedomadaires en yoga kundalini ( &gt; mardi 12h30 \u00e0 Derval,\u00a0\u00a0 &gt;18h30 et 20h \u00e0 Jans, \u00a0 &gt;jeudi 12h30 et 19h \u00e0 Nozay), tantra yoga danse adultes, 6-13 ans, parents enfants, 1 fois par mois le week end. &#8211; M\u00e9ditations actives d&rsquo;Osho et danse libre\/m\u00e9ditation en mouvement \u00e0 venir<\/li>\n<li><strong>Contact<\/strong> :\u00a0 <strong>Claire Lavaur\u00a0 <\/strong>\u00a0 <strong>06 61 85 38 02<\/strong> \u00a0\u00a0\u00a0 alchemillarosae@gmail.com<br \/>\n<strong>Page Facebook<\/strong> : @Alchemilla Rosae\u00a0\u00a0\u00a0<strong> Site internet:<\/strong>\u00a0 https:\/\/alchemilla-rosae.fr<\/li>\n<\/ul>\n","protected":false},"excerpt":{"rendered":"<p>L&rsquo;enseignante: Claire Lavaur \u00ab\u00a0J\u2019ai rencontr\u00e9 le Yoga Kundalini comme on tombe amoureux-se : une impression de retrouvailles alors qu\u2019on se voit pour la premi\u00e8re fois, puis qui se go\u00fbte et se recontacte, \u00e9merveill\u00e9-e-s de se retrouver au r\u00e9veil tous les matins. C\u2019est la Kundalini, l\u2019\u00e9nergie de vie, cette cr\u00e9ativit\u00e9 infinie qui est venue me chercher.\u00a0Alli\u00e9 [&hellip;]<\/p>\n","protected":false},"author":1,"featured_media":0,"parent":0,"menu_order":0,"comment_status":"closed","ping_status":"closed","template":"","meta":[],"_links":{"self":[{"href":"https:\/\/yoga-alegria.fr\/index.php\/wp-json\/wp\/v2\/pages\/1031"}],"collection":[{"href":"https:\/\/yoga-alegria.fr\/index.php\/wp-json\/wp\/v2\/pages"}],"about":[{"href":"https:\/\/yoga-alegria.fr\/index.php\/wp-json\/wp\/v2\/types\/page"}],"author":[{"embeddable":true,"href":"https:\/\/yoga-alegria.fr\/index.php\/wp-json\/wp\/v2\/users\/1"}],"replies":[{"embeddable":true,"href":"https:\/\/yoga-alegria.fr\/index.php\/wp-json\/wp\/v2\/comments?post=1031"}],"version-history":[{"count":11,"href":"https:\/\/yoga-alegria.fr\/index.php\/wp-json\/wp\/v2\/pages\/1031\/revisions"}],"predecessor-version":[{"id":1370,"href":"https:\/\/yoga-alegria.fr\/index.php\/wp-json\/wp\/v2\/pages\/1031\/revisions\/1370"}],"wp:attachment":[{"href":"https:\/\/yoga-alegria.fr\/index.php\/wp-json\/wp\/v2\/media?parent=1031"}],"curies":[{"name":"wp","href":"https:\/\/api.w.org\/{rel}","templated":true}]}}