{"id":101,"date":"2015-12-28T09:43:22","date_gmt":"2015-12-28T09:43:22","guid":{"rendered":"http:\/\/yoga-alegria.fr\/?page_id=101"},"modified":"2016-01-04T18:26:09","modified_gmt":"2016-01-04T18:26:09","slug":"osho","status":"publish","type":"page","link":"https:\/\/yoga-alegria.fr\/index.php\/le-tantra\/osho\/","title":{"rendered":"Osho"},"content":{"rendered":"<p style=\"text-align: justify;\"><span style=\"font-family: Tahoma, sans-serif;\"><span style=\"font-size: small;\"><img decoding=\"async\" loading=\"lazy\" class=\"wp-image-104 alignleft\" src=\"http:\/\/yoga-alegria.fr\/wp-content\/uploads\/2015\/12\/Osho-300x300.jpg\" alt=\"Osho\" width=\"200\" height=\"200\" srcset=\"https:\/\/yoga-alegria.fr\/wp-content\/uploads\/2015\/12\/Osho-300x300.jpg 300w, https:\/\/yoga-alegria.fr\/wp-content\/uploads\/2015\/12\/Osho-150x150.jpg 150w, https:\/\/yoga-alegria.fr\/wp-content\/uploads\/2015\/12\/Osho.jpg 511w\" sizes=\"(max-width: 200px) 100vw, 200px\" \/><span style=\"color: #000000;\">Osho est un mystique contemporain qui apporte la sagesse des temps anciens en r\u00e9ponse aux questions des hommes et des femmes d&rsquo;aujourd&rsquo;hui. Il nous \u00e9claire sur l&rsquo;essence de toutes les traditions religieuses et spirituelles : soufisme, bouddhisme, Tantra, Tao, Yoga, Zen, hindouisme, christianisme, hassidisme&#8230; <\/span><\/span><\/span><\/p>\n<p style=\"text-align: justify;\"><span style=\"color: #000000;\"><span style=\"font-family: Tahoma, sans-serif;\"><span style=\"font-size: small;\">Osho est un iconoclaste qui propose une vision nouvelle de l&rsquo;homme et c&rsquo;est ce m\u00e9lange \u00e9trange qui fait de lui peut-\u00eatre un des grands ma\u00eetres spirituels d&rsquo;aujourd&rsquo;hui ! \u00a0<\/span><\/span><span style=\"font-family: Tahoma, sans-serif;\"><span style=\"font-size: small;\">Il est \u00e0 la fois un ma\u00eetre zen, soufi et tantrique. <\/span><\/span><\/span><\/p>\n<p style=\"text-align: justify;\"><span style=\"font-family: Tahoma, sans-serif; color: #000000;\"><span style=\"font-size: small;\">Ma\u00eetre zen, car il choque et d\u00e9truit toutes nos croyances et nos conditionnements ! Ses centaines de discours sur des th\u00e8mes aussi vari\u00e9s que la m\u00e9ditation, les \u00e9motions, le zen, le sexe, la mort, la politique, l&rsquo;amour, l&rsquo;\u00e9ducation, la science, les religions ou la qu\u00eate spirituelle nous obligent \u00e0 nous regarder nous-m\u00eame et \u00e0 faire confiance \u00e0 notre propre intuition et intelligence plut\u00f4t que de suivre une croyance, une id\u00e9ologie ou juste des habitudes. Il insiste : \u00a0\u00bb Doutez et trouvez votre voie par vous-m\u00eame ! \u00ab\u00a0. <\/span><\/span><\/p>\n<p style=\"text-align: justify;\"><span style=\"font-family: Tahoma, sans-serif; color: #000000;\"><span style=\"font-size: small;\">Ma\u00eetre soufi, car il nous rappelle constamment que la m\u00e9ditation ne peut se s\u00e9parer de l&rsquo;ouverture du C\u0153ur et que la vie est une c\u00e9l\u00e9bration, une danse :Vous avez oubli\u00e9 de commencer \u00e0 vivre ! L&rsquo;homme moderne est devenu tellement s\u00e9rieux. Redevenez des soufis&#8230; riez, dansez et profitez de la vie ! <\/span><\/span><\/p>\n<p style=\"text-align: justify;\"><span style=\"font-family: Tahoma, sans-serif; color: #000000;\"><span style=\"font-size: small;\">Ma\u00eetre de Tantra, car il int\u00e8gre l&rsquo;int\u00e9gralit\u00e9 de l&rsquo;Etre, y compris le corps et le sexe, dans la vision de la spiritualit\u00e9: \u00ab\u00a0toutes les religions y compris le christianisme r\u00e9priment votre sexualit\u00e9\u00a0\u00bb et \u00ab\u00a0je suis contre toutes formes de r\u00e9pressions car elles m\u00e8nent toutes \u00e0 la perversion&#8230;\u00a0\u00bb et inversement, il nous met en garde contre l&rsquo;exc\u00e8s contraire, une sexualit\u00e9 sans amour et il sugg\u00e8re \u00e0 l&rsquo;homme et la femme de faire \u00e9voluer le sexe, l&rsquo;amour et la m\u00e9ditation par le Tantra, qui voit dans la Cr\u00e9ation, dans toute chose, l&rsquo;incarnation de l&rsquo;Energie divine: dans cette vision, la relation intime de l&rsquo;homme et de la femme, ainsi que l&rsquo;Energie sexuelle, sont des tr\u00e9sors sacr\u00e9s, qui doivent \u00eatre honor\u00e9s et valoris\u00e9s, et non pas marchandis\u00e9s et rendus vulgaires comme nous le propose souvent la soci\u00e9t\u00e9 moderne. <\/span><\/span><\/p>\n<p style=\"text-align: justify;\"><span style=\"font-family: Tahoma, sans-serif; color: #000000;\"><span style=\"font-size: small;\">Selon Osho, seul l&rsquo;homme riche int\u00e9rieurement et ext\u00e9rieurement peut \u00eatre heureux et symboliser un espoir pour un changement sur cette plan\u00e8te. Le nouvel homme se doit d&rsquo;\u00eatre un \u00e9quilibre entre deux p\u00f4les\u00a0: un Zorba &#8211; repr\u00e9sentant la terre, le bon-vivant et la joie de vivre dans la mati\u00e8re- et un Bouddha &#8211; repr\u00e9sentant la conscience, la m\u00e9ditation et la sagesse. <\/span><\/span><\/p>\n<p style=\"text-align: justify;\"><span style=\"font-family: Tahoma, sans-serif; color: #000000;\"><span style=\"font-size: small;\">Pour cela, il a cr\u00e9\u00e9 des m\u00e9thodes comme les m\u00e9ditations actives qui permettent de se d\u00e9gager des tensions et blocages engramm\u00e9s en nous, et de vivre pleinement. Et il insiste aussi sur l&rsquo;importance du travail en groupe et sur celle de la th\u00e9rapie personnelle qui \u00e9vitera \u00e0 notre spiritualit\u00e9 d&rsquo;\u00eatre un refuge pour fuir nos peines ou une projection des nos besoins affectifs d&rsquo;enfants bless\u00e9s.<\/span><\/span><\/p>\n<p style=\"text-align: justify;\"><span style=\"font-family: Tahoma, sans-serif; color: #000000;\"><span style=\"font-size: small;\">Osho a quitt\u00e9 son corps en 1990 et ses discours sont aujourd&rsquo;hui publi\u00e9s dans plus de six cents ouvrages et en cinquante langues et semblent int\u00e9resser des populations tr\u00e8s diff\u00e9rentes : aux USA, Europe mais aussi en Inde, en Iran, en Russie et en Chine..<\/span><\/span><\/p>\n","protected":false},"excerpt":{"rendered":"<p>Osho est un mystique contemporain qui apporte la sagesse des temps anciens en r\u00e9ponse aux questions des hommes et des femmes d&rsquo;aujourd&rsquo;hui. Il nous \u00e9claire sur l&rsquo;essence de toutes les traditions religieuses et spirituelles : soufisme, bouddhisme, Tantra, Tao, Yoga, Zen, hindouisme, christianisme, hassidisme&#8230; Osho est un iconoclaste qui propose une vision nouvelle de l&rsquo;homme [&hellip;]<\/p>\n","protected":false},"author":1,"featured_media":0,"parent":11,"menu_order":0,"comment_status":"closed","ping_status":"closed","template":"","meta":[],"_links":{"self":[{"href":"https:\/\/yoga-alegria.fr\/index.php\/wp-json\/wp\/v2\/pages\/101"}],"collection":[{"href":"https:\/\/yoga-alegria.fr\/index.php\/wp-json\/wp\/v2\/pages"}],"about":[{"href":"https:\/\/yoga-alegria.fr\/index.php\/wp-json\/wp\/v2\/types\/page"}],"author":[{"embeddable":true,"href":"https:\/\/yoga-alegria.fr\/index.php\/wp-json\/wp\/v2\/users\/1"}],"replies":[{"embeddable":true,"href":"https:\/\/yoga-alegria.fr\/index.php\/wp-json\/wp\/v2\/comments?post=101"}],"version-history":[{"count":4,"href":"https:\/\/yoga-alegria.fr\/index.php\/wp-json\/wp\/v2\/pages\/101\/revisions"}],"predecessor-version":[{"id":228,"href":"https:\/\/yoga-alegria.fr\/index.php\/wp-json\/wp\/v2\/pages\/101\/revisions\/228"}],"up":[{"embeddable":true,"href":"https:\/\/yoga-alegria.fr\/index.php\/wp-json\/wp\/v2\/pages\/11"}],"wp:attachment":[{"href":"https:\/\/yoga-alegria.fr\/index.php\/wp-json\/wp\/v2\/media?parent=101"}],"curies":[{"name":"wp","href":"https:\/\/api.w.org\/{rel}","templated":true}]}}